{"id":6604,"date":"2025-06-23T08:05:12","date_gmt":"2025-06-23T13:05:12","guid":{"rendered":"https:\/\/avance-ntx.org\/?page_id=6604"},"modified":"2025-11-03T15:33:49","modified_gmt":"2025-11-03T20:33:49","slug":"2025-sponsorships","status":"publish","type":"page","link":"https:\/\/avance-ntx.org\/es\/events\/bookworm-brunch\/2025-sponsorships\/","title":{"rendered":"Bookworm Brunch &#8211; 2025 Sponsorships"},"content":{"rendered":"<img loading=\"lazy\" decoding=\"async\" src=\"https:\/\/avance-ntx.org\/wp-content\/uploads\/2025\/06\/BWB-logo-white.png\" alt=\"BWB-logo-white\" itemprop=\"image\" height=\"848\" width=\"2286\" title=\"BWB-logo-white\" onerror=\"this.style.display='none'\"  \/>\n<h2>\n\t\tOportunidades de patrocinio\n\t<\/h2>\n\t\t\t\t<img loading=\"lazy\" decoding=\"async\" src=\"https:\/\/avance-ntx.org\/wp-content\/uploads\/2025\/06\/BWB-logo.png\" alt=\"BWB-logo\" itemprop=\"image\" height=\"848\" width=\"2286\" title=\"BWB-logo\" onerror=\"this.style.display='none'\"  \/>\n\t<h4><strong>Domingo, 12 de octubre del 2025<\/strong><br \/><strong>9:00 am a 11:00 am<\/strong><\/h4>\n<h4><strong>Museo Perot de Naturaleza y Ciencia<br \/>\n<\/strong>2201 N Field St, Dallas, TX 75201<\/h4>\n<h4>\n\t\t\u00a1\u00daNETE A LA CELEBRACI\u00d3N!\n\t<\/h4>\n\t<p>Te invitamos a acompa\u00f1arnos en la celebraci\u00f3n de la lectura al convertirte en patrocinador de nuestro Bookworm Brunch.<\/p>\n<p>&nbsp;<\/p>\n<p>Why literacy? Because from the earliest ages, literacy helps children succeed in school, build self-esteem, and develop the skills they need to thrive. When you sponsor the Bookworm Brunch, you&#8217;re investing in the future and directly supporting our local programs that help children and families build strong foundations.<\/p>\n<p>&nbsp;<\/p>\n<p>As a sponsor, you&#8217;ll enjoy a delicious brunch, connect with the AVANCE community, and see your impact in action. Children and families love our live, in-character story readings and fun, hands-on literacy activities. And as a bonus this year, all guests of our Bookworm Brunch will receive general admission passes to the Perot Museum of Nature and Science for the day of the event.<\/p>\n<p>&nbsp;<\/p>\n<p>Below, you&#8217;ll find details on each of our sponsorship levels, including an option for those who are unable to attend or prefer to sponsor an AVANCE family&#8217;s attendance. Use the button to make your sponsorship payment online, or <a href=\"https:\/\/avance-ntx.org\/wp-content\/uploads\/2025\/06\/2025_Bookworm-Brunch_Sponsor_Packet-1.pdf\">descarga nuestro paquete de patrocinio<\/a> para m\u00e1s detalles y opciones de pago.<\/p>\n<p>&nbsp;<\/p>\n<p>Si tienes preguntas sobre las oportunidades de patrocinio, por favor contacta a Ana Lorena Carrasco en <a href=\"mailto:acarrasco@avance.org\">acarrasco@avance.org<\/a> o a Noem\u00ed Pati\u00f1o en <a href=\"mailto:npatino@avance-dallas.org\">npatino@avance-dallas.org<\/a>. \u00a1Gracias por tu apoyo!<\/p>\n\t\t\t<a href=\"http:\/\/weblink.donorperfect.com\/AVANCE-Bookworm-2025\" target=\"_blank\" rel=\"noopener\">\n\t\t\t\t\t\t\tConvertirse en Patrocinador\n\t\t\t\t\t<\/a>\n<h4>\n\t\tNiveles de patrocinio\n\t<\/h4>\n<h4>\n\t\t$10,000\n\t<\/h4>\n<h4>\n\t\tH\u00e9roe de la Hora del Cuento Familiar\n\t<\/h4>\n\t<ul>\n<li>15 entradas para el evento\u202f+ 5 entradas para una familia de AVANCE\u202fincluyendo pases generales al museo de Perot de Naturaleza y Ciencia para todos el d\u00eda del evento<\/li>\n<li>Asientos VIP para usted y sus invitados\u202f<\/li>\n<li>Reconocimiento especial durante el evento\u202f<\/li>\n<li>Espacio para mesa durante el evento\u202f<\/li>\n<\/ul>\n\t<ul>\n<li>Oportunidad de promocionar su marca el d\u00eda del evento\u202f<\/li>\n<li>Colocaci\u00f3n destacada del logotipo en toda la promoci\u00f3n del evento como: se\u00f1alizaci\u00f3n, sitio web, etc.\u202f<\/li>\n<li>Menciones exclusivas en redes sociales\u202f<\/li>\n<li>Reconocimiento en publicaciones grupales en redes sociales<\/li>\n<li>Un (1) juguete exclusivo de AVANCE<\/li>\n<\/ul>\n<h4>\n\t\t$7,500\n\t<\/h4>\n<h4>\n\t\tCampe\u00f3n del C\u00edrculo de Lectura\n\t<\/h4>\n\t<ul>\n<li>10 entradas para el evento\u202f+ 5 entradas para una familia de AVANCE\u202fincluyendo pases generales al museo de Perot de Naturaleza y Ciencia para todos el d\u00eda del evento\u202f<\/li>\n<li>Asientos prioritarios para usted y sus invitados\u202f<\/li>\n<li>Reconocimiento en el escenario el d\u00eda del evento\u202f<\/li>\n<li>Oportunidad de promocionar su marca el d\u00eda del evento\u202f<\/li>\n<\/ul>\n\t<ul>\n<li>Inclusi\u00f3n del logotipo en toda la promoci\u00f3n del evento como: se\u00f1alizaci\u00f3n, sitio web, etc.\u202f<\/li>\n<li>Menciones exclusivas en redes sociales\u202f<\/li>\n<li>Reconocimiento en publicaciones grupales en redes sociales<\/li>\n<li>Un (1) juguete exclusivo de AVANCE<\/li>\n<\/ul>\n<h4>\n\t\t$5,000\n\t<\/h4>\n<h4>\n\t\tDefensor de la Alfabetizaci\u00f3n Familiar\n\t<\/h4>\n\t<ul>\n<li>5 entradas para el evento\u202f+ 5 entradas para una familia de AVANCE\u202fincluyendo pases generales al museo de Perot de Naturaleza y Ciencia para todos el d\u00eda del evento<\/li>\n<li>Asientos preferidos para usted y sus invitados\u202f<\/li>\n<\/ul>\n\t<ul>\n<li>Reconocimiento en el escenario el d\u00eda del evento\u202f<\/li>\n<li>Oportunidad de promocionar su marca el d\u00eda del evento\u202f<\/li>\n<li>Inclusi\u00f3n del logotipo en materiales del evento, como: se\u00f1alizaci\u00f3n, sitio web, etc.<\/li>\n<li>Reconocimiento en publicaciones grupales en redes sociales<\/li>\n<\/ul>\n<h4>\n\t\t$2,500\n\t<\/h4>\n<h4>\n\t\tAmigo del Cuento\n\t<\/h4>\n\t<ul>\n<li>5 entradas para el evento\u202f+ 5 entradas para una familia de AVANCE\u202fincluyendo pases generales al museo de Perot de Naturaleza y Ciencia para todos el d\u00eda del evento<\/li>\n<li>Reconocimiento en el escenario el d\u00eda del evento\u202f<\/li>\n<li>Inclusi\u00f3n del logotipo en materiales del evento, como: se\u00f1alizaci\u00f3n, sitio web, etc.<\/li>\n<li>Reconocimiento en publicaciones grupales en redes sociales<\/li>\n<\/ul>\n<h4>\n\t\t$1,000\n\t<\/h4>\n<h4>\n\t\tCompa\u00f1ero de Lectura\n\t<\/h4>\n\t<h4>Patrocinio Familiar<\/h4>\n\t<ul>\n<li>5 entradas para una familia de AVANCE\u202fincluyendo pases generales al museo de Perot de Naturaleza y Ciencia para todos el d\u00eda del evento\u202f<\/li>\n<li>Reconocimiento de nombre en materiales del evento, como: se\u00f1alizaci\u00f3n, sitio web, etc.\u202f<\/li>\n<\/ul>\n\t\t\t<a href=\"http:\/\/weblink.donorperfect.com\/AVANCE-Bookworm-2025\" target=\"_blank\" rel=\"noopener\">\n\t\t\t\t\t\t\tConvertirse en Patrocinador\n\t\t\t\t\t<\/a>\n<h2>\n\t\t\u00a1Gracias a nuestros patrocinadores!\n\t<\/h2>\n\t<h4>H\u00e9roe de la Hora del Cuento Familiar<\/h4>\n\t\t\t\t<img loading=\"lazy\" decoding=\"async\" src=\"https:\/\/avance-ntx.org\/wp-content\/uploads\/2025\/09\/Oncor_Logo_2C_1.png\" alt=\"Oncor_Logo_2C_1\" itemprop=\"image\" height=\"650\" width=\"1000\" title=\"Oncor_Logo_2C_1\" onerror=\"this.style.display='none'\"  \/>\n\t<h4>Defensor de la Alfabetizaci\u00f3n Familiar<\/h4>\n\t\t\t\t<img loading=\"lazy\" decoding=\"async\" src=\"https:\/\/avance-ntx.org\/wp-content\/uploads\/2025\/09\/HEB-Helping-Here-Logo-Updated-2022.png\" alt=\"HEB Helping Here Logo (Updated 2022)\" itemprop=\"image\" height=\"435\" width=\"900\" title=\"HEB Helping Here Logo (Updated 2022)\" onerror=\"this.style.display='none'\"  \/>\n\t<h4>Amigos de Cuentos<\/h4>\n\t\t\t\t<img loading=\"lazy\" decoding=\"async\" src=\"https:\/\/avance-ntx.org\/wp-content\/uploads\/2025\/09\/Walmart_logo.svg.png\" alt=\"Walmart_logo.svg\" itemprop=\"image\" height=\"613\" width=\"2560\" title=\"Walmart_logo.svg\" onerror=\"this.style.display='none'\"  \/>\n\t<h4>Thomas H. Kendall<br \/>\nAlice Rodriguez<br \/>\nCarmen &amp; Manuel Berrelez<\/h4>\n\t<h4>Compa\u00f1eros de Lectura<\/h4>\n\t\t\t\t<img loading=\"lazy\" decoding=\"async\" src=\"https:\/\/avance-ntx.org\/wp-content\/uploads\/2025\/09\/Perot_Horizontal-500.png\" alt=\"Perot_Horizontal-500\" itemprop=\"image\" height=\"105\" width=\"500\" title=\"Perot_Horizontal-500\" onerror=\"this.style.display='none'\"  \/>\n\t\t\t\t<img loading=\"lazy\" decoding=\"async\" src=\"https:\/\/avance-ntx.org\/wp-content\/uploads\/2025\/09\/KPMG-LOGO600w.png\" alt=\"KPMG-LOGO600w\" itemprop=\"image\" height=\"241\" width=\"600\" title=\"KPMG-LOGO600w\" onerror=\"this.style.display='none'\"  \/>\n\t<h4>Susan Hoff<br \/>\nLisa Oglesby Rocha<\/h4>\n\t<h4>Melissa Bolden<br \/>\nMaria Cox<\/h4>","protected":false},"excerpt":{"rendered":"<p>Sponsorship Opportunities Sunday, October 12, 20259:00 am to 11:00 am Perot Museum of Nature and Science 2201 N Field St, Dallas, TX 75201 Join the Celebration! We invite you to join us in celebrating literacy by becoming a sponsor of our Bookworm Brunch. &nbsp; Why literacy? Because from the earliest ages, literacy helps children succeed &#8230; <a title=\"Bookworm Brunch &#8211; 2025 Sponsorships\" class=\"read-more\" href=\"https:\/\/avance-ntx.org\/es\/events\/bookworm-brunch\/2025-sponsorships\/\" aria-label=\"Leer m\u00e1s sobre Bookworm Brunch &#8211; 2025 Sponsorships\">Leer m\u00e1s<\/a><\/p>","protected":false},"author":34,"featured_media":0,"parent":5912,"menu_order":4,"comment_status":"closed","ping_status":"closed","template":"","meta":{"inline_featured_image":false,"_vp_format_video_url":"","_vp_image_focal_point":[],"footnotes":""},"class_list":["post-6604","page","type-page","status-publish"],"yoast_head":"<!-- This site is optimized with the Yoast SEO plugin v27.4 - https:\/\/yoast.com\/product\/yoast-seo-wordpress\/ -->\n<title>Bookworm Brunch - 2025 Sponsorships - AVANCE Dallas<\/title>\n<meta name=\"description\" content=\"On Sunday, October 12, 2025, AVANCE-Dallas is hosting its annual Bookworm Brunch, and we invite you to join us in celebrating literacy by becoming a sponsor.\" \/>\n<meta name=\"robots\" content=\"index, follow, max-snippet:-1, max-image-preview:large, max-video-preview:-1\" \/>\n<link rel=\"canonical\" href=\"https:\/\/avance-ntx.org\/es\/events\/bookworm-brunch\/2025-sponsorships\/\" \/>\n<meta property=\"og:locale\" content=\"es_MX\" \/>\n<meta property=\"og:type\" content=\"article\" \/>\n<meta property=\"og:title\" content=\"Bookworm Brunch - 2025 Sponsorships - AVANCE Dallas\" \/>\n<meta property=\"og:description\" content=\"On Sunday, October 12, 2025, AVANCE-Dallas is hosting its annual Bookworm Brunch, and we invite you to join us in celebrating literacy by becoming a sponsor.\" \/>\n<meta property=\"og:url\" content=\"https:\/\/avance-ntx.org\/es\/events\/bookworm-brunch\/2025-sponsorships\/\" \/>\n<meta property=\"og:site_name\" content=\"AVANCE Dallas\" \/>\n<meta property=\"article:publisher\" content=\"https:\/\/www.facebook.com\/AVANCEinc\/\" \/>\n<meta property=\"article:modified_time\" content=\"2025-11-03T20:33:49+00:00\" \/>\n<meta property=\"og:image\" content=\"https:\/\/avance-ntx.org\/wp-content\/uploads\/2025\/06\/BWB-logo-white.png\" \/>\n<meta name=\"twitter:card\" content=\"summary_large_image\" \/>\n<meta name=\"twitter:site\" content=\"@AVANCEinc\" \/>\n<meta name=\"twitter:label1\" content=\"Tiempo de lectura\" \/>\n\t<meta name=\"twitter:data1\" content=\"5 minutos\" \/>\n<script type=\"application\/ld+json\" class=\"yoast-schema-graph\">{\"@context\":\"https:\\\/\\\/schema.org\",\"@graph\":[{\"@type\":\"WebPage\",\"@id\":\"https:\\\/\\\/avance-ntx.org\\\/events\\\/bookworm-brunch\\\/2025-sponsorships\\\/\",\"url\":\"https:\\\/\\\/avance-ntx.org\\\/events\\\/bookworm-brunch\\\/2025-sponsorships\\\/\",\"name\":\"Bookworm Brunch - 2025 Sponsorships - AVANCE Dallas\",\"isPartOf\":{\"@id\":\"https:\\\/\\\/avance-ntx.org\\\/#website\"},\"primaryImageOfPage\":{\"@id\":\"https:\\\/\\\/avance-ntx.org\\\/events\\\/bookworm-brunch\\\/2025-sponsorships\\\/#primaryimage\"},\"image\":{\"@id\":\"https:\\\/\\\/avance-ntx.org\\\/events\\\/bookworm-brunch\\\/2025-sponsorships\\\/#primaryimage\"},\"thumbnailUrl\":\"https:\\\/\\\/avance-ntx.org\\\/wp-content\\\/uploads\\\/2025\\\/06\\\/BWB-logo-white.png\",\"datePublished\":\"2025-06-23T13:05:12+00:00\",\"dateModified\":\"2025-11-03T20:33:49+00:00\",\"description\":\"On Sunday, October 12, 2025, AVANCE-Dallas is hosting its annual Bookworm Brunch, and we invite you to join us in celebrating literacy by becoming a sponsor.\",\"breadcrumb\":{\"@id\":\"https:\\\/\\\/avance-ntx.org\\\/events\\\/bookworm-brunch\\\/2025-sponsorships\\\/#breadcrumb\"},\"inLanguage\":\"es\",\"potentialAction\":[{\"@type\":\"ReadAction\",\"target\":[\"https:\\\/\\\/avance-ntx.org\\\/events\\\/bookworm-brunch\\\/2025-sponsorships\\\/\"]}]},{\"@type\":\"ImageObject\",\"inLanguage\":\"es\",\"@id\":\"https:\\\/\\\/avance-ntx.org\\\/events\\\/bookworm-brunch\\\/2025-sponsorships\\\/#primaryimage\",\"url\":\"https:\\\/\\\/avance-ntx.org\\\/wp-content\\\/uploads\\\/2025\\\/06\\\/BWB-logo-white.png\",\"contentUrl\":\"https:\\\/\\\/avance-ntx.org\\\/wp-content\\\/uploads\\\/2025\\\/06\\\/BWB-logo-white.png\"},{\"@type\":\"BreadcrumbList\",\"@id\":\"https:\\\/\\\/avance-ntx.org\\\/events\\\/bookworm-brunch\\\/2025-sponsorships\\\/#breadcrumb\",\"itemListElement\":[{\"@type\":\"ListItem\",\"position\":1,\"name\":\"Home\",\"item\":\"https:\\\/\\\/avance-ntx.org\\\/\"},{\"@type\":\"ListItem\",\"position\":2,\"name\":\"Events\",\"item\":\"https:\\\/\\\/avance-ntx.org\\\/events\\\/\"},{\"@type\":\"ListItem\",\"position\":3,\"name\":\"Bookworm Brunch\",\"item\":\"https:\\\/\\\/avance-ntx.org\\\/events\\\/bookworm-brunch\\\/\"},{\"@type\":\"ListItem\",\"position\":4,\"name\":\"Bookworm Brunch &#8211; 2025 Sponsorships\"}]},{\"@type\":\"WebSite\",\"@id\":\"https:\\\/\\\/avance-ntx.org\\\/#website\",\"url\":\"https:\\\/\\\/avance-ntx.org\\\/\",\"name\":\"AVANCE Dallas\",\"description\":\"Unlocking America&#039;s Potential\",\"publisher\":{\"@id\":\"https:\\\/\\\/avance-ntx.org\\\/#organization\"},\"potentialAction\":[{\"@type\":\"SearchAction\",\"target\":{\"@type\":\"EntryPoint\",\"urlTemplate\":\"https:\\\/\\\/avance-ntx.org\\\/?s={search_term_string}\"},\"query-input\":{\"@type\":\"PropertyValueSpecification\",\"valueRequired\":true,\"valueName\":\"search_term_string\"}}],\"inLanguage\":\"es\"},{\"@type\":\"Organization\",\"@id\":\"https:\\\/\\\/avance-ntx.org\\\/#organization\",\"name\":\"AVANCE Dallas\",\"url\":\"https:\\\/\\\/avance-ntx.org\\\/\",\"logo\":{\"@type\":\"ImageObject\",\"inLanguage\":\"es\",\"@id\":\"https:\\\/\\\/avance-ntx.org\\\/#\\\/schema\\\/logo\\\/image\\\/\",\"url\":\"https:\\\/\\\/avance-ntx.org\\\/wp-content\\\/uploads\\\/2025\\\/08\\\/30th-NTX-Color-Horizontal.svg\",\"contentUrl\":\"https:\\\/\\\/avance-ntx.org\\\/wp-content\\\/uploads\\\/2025\\\/08\\\/30th-NTX-Color-Horizontal.svg\",\"caption\":\"AVANCE Dallas\"},\"image\":{\"@id\":\"https:\\\/\\\/avance-ntx.org\\\/#\\\/schema\\\/logo\\\/image\\\/\"},\"sameAs\":[\"https:\\\/\\\/www.facebook.com\\\/AVANCEinc\\\/\",\"https:\\\/\\\/x.com\\\/AVANCEinc\",\"https:\\\/\\\/www.instagram.com\\\/avance__inc\\\/\",\"https:\\\/\\\/www.linkedin.com\\\/company\\\/avance-inc\"]}]}<\/script>\n<!-- \/ Yoast SEO plugin. -->","yoast_head_json":{"title":"Bookworm Brunch - 2025 Sponsorships - AVANCE Dallas","description":"On Sunday, October 12, 2025, AVANCE-Dallas is hosting its annual Bookworm Brunch, and we invite you to join us in celebrating literacy by becoming a sponsor.","robots":{"index":"index","follow":"follow","max-snippet":"max-snippet:-1","max-image-preview":"max-image-preview:large","max-video-preview":"max-video-preview:-1"},"canonical":"https:\/\/avance-ntx.org\/es\/events\/bookworm-brunch\/2025-sponsorships\/","og_locale":"es_MX","og_type":"article","og_title":"Bookworm Brunch - 2025 Sponsorships - AVANCE Dallas","og_description":"On Sunday, October 12, 2025, AVANCE-Dallas is hosting its annual Bookworm Brunch, and we invite you to join us in celebrating literacy by becoming a sponsor.","og_url":"https:\/\/avance-ntx.org\/es\/events\/bookworm-brunch\/2025-sponsorships\/","og_site_name":"AVANCE Dallas","article_publisher":"https:\/\/www.facebook.com\/AVANCEinc\/","article_modified_time":"2025-11-03T20:33:49+00:00","og_image":[{"url":"https:\/\/avance-ntx.org\/wp-content\/uploads\/2025\/06\/BWB-logo-white.png","type":"","width":"","height":""}],"twitter_card":"summary_large_image","twitter_site":"@AVANCEinc","twitter_misc":{"Tiempo de lectura":"5 minutos"},"schema":{"@context":"https:\/\/schema.org","@graph":[{"@type":"WebPage","@id":"https:\/\/avance-ntx.org\/events\/bookworm-brunch\/2025-sponsorships\/","url":"https:\/\/avance-ntx.org\/events\/bookworm-brunch\/2025-sponsorships\/","name":"Bookworm Brunch - 2025 Sponsorships - AVANCE Dallas","isPartOf":{"@id":"https:\/\/avance-ntx.org\/#website"},"primaryImageOfPage":{"@id":"https:\/\/avance-ntx.org\/events\/bookworm-brunch\/2025-sponsorships\/#primaryimage"},"image":{"@id":"https:\/\/avance-ntx.org\/events\/bookworm-brunch\/2025-sponsorships\/#primaryimage"},"thumbnailUrl":"https:\/\/avance-ntx.org\/wp-content\/uploads\/2025\/06\/BWB-logo-white.png","datePublished":"2025-06-23T13:05:12+00:00","dateModified":"2025-11-03T20:33:49+00:00","description":"On Sunday, October 12, 2025, AVANCE-Dallas is hosting its annual Bookworm Brunch, and we invite you to join us in celebrating literacy by becoming a sponsor.","breadcrumb":{"@id":"https:\/\/avance-ntx.org\/events\/bookworm-brunch\/2025-sponsorships\/#breadcrumb"},"inLanguage":"es","potentialAction":[{"@type":"ReadAction","target":["https:\/\/avance-ntx.org\/events\/bookworm-brunch\/2025-sponsorships\/"]}]},{"@type":"ImageObject","inLanguage":"es","@id":"https:\/\/avance-ntx.org\/events\/bookworm-brunch\/2025-sponsorships\/#primaryimage","url":"https:\/\/avance-ntx.org\/wp-content\/uploads\/2025\/06\/BWB-logo-white.png","contentUrl":"https:\/\/avance-ntx.org\/wp-content\/uploads\/2025\/06\/BWB-logo-white.png"},{"@type":"BreadcrumbList","@id":"https:\/\/avance-ntx.org\/events\/bookworm-brunch\/2025-sponsorships\/#breadcrumb","itemListElement":[{"@type":"ListItem","position":1,"name":"Home","item":"https:\/\/avance-ntx.org\/"},{"@type":"ListItem","position":2,"name":"Events","item":"https:\/\/avance-ntx.org\/events\/"},{"@type":"ListItem","position":3,"name":"Bookworm Brunch","item":"https:\/\/avance-ntx.org\/events\/bookworm-brunch\/"},{"@type":"ListItem","position":4,"name":"Bookworm Brunch &#8211; 2025 Sponsorships"}]},{"@type":"WebSite","@id":"https:\/\/avance-ntx.org\/#website","url":"https:\/\/avance-ntx.org\/","name":"AVANCE Dallas","description":"Unlocking America&#039;s Potential","publisher":{"@id":"https:\/\/avance-ntx.org\/#organization"},"potentialAction":[{"@type":"SearchAction","target":{"@type":"EntryPoint","urlTemplate":"https:\/\/avance-ntx.org\/?s={search_term_string}"},"query-input":{"@type":"PropertyValueSpecification","valueRequired":true,"valueName":"search_term_string"}}],"inLanguage":"es"},{"@type":"Organization","@id":"https:\/\/avance-ntx.org\/#organization","name":"AVANCE Dallas","url":"https:\/\/avance-ntx.org\/","logo":{"@type":"ImageObject","inLanguage":"es","@id":"https:\/\/avance-ntx.org\/#\/schema\/logo\/image\/","url":"https:\/\/avance-ntx.org\/wp-content\/uploads\/2025\/08\/30th-NTX-Color-Horizontal.svg","contentUrl":"https:\/\/avance-ntx.org\/wp-content\/uploads\/2025\/08\/30th-NTX-Color-Horizontal.svg","caption":"AVANCE Dallas"},"image":{"@id":"https:\/\/avance-ntx.org\/#\/schema\/logo\/image\/"},"sameAs":["https:\/\/www.facebook.com\/AVANCEinc\/","https:\/\/x.com\/AVANCEinc","https:\/\/www.instagram.com\/avance__inc\/","https:\/\/www.linkedin.com\/company\/avance-inc"]}]}},"post_mailing_queue_ids":[],"_links":{"self":[{"href":"https:\/\/avance-ntx.org\/es\/wp-json\/wp\/v2\/pages\/6604","targetHints":{"allow":["GET"]}}],"collection":[{"href":"https:\/\/avance-ntx.org\/es\/wp-json\/wp\/v2\/pages"}],"about":[{"href":"https:\/\/avance-ntx.org\/es\/wp-json\/wp\/v2\/types\/page"}],"author":[{"embeddable":true,"href":"https:\/\/avance-ntx.org\/es\/wp-json\/wp\/v2\/users\/34"}],"replies":[{"embeddable":true,"href":"https:\/\/avance-ntx.org\/es\/wp-json\/wp\/v2\/comments?post=6604"}],"version-history":[{"count":8,"href":"https:\/\/avance-ntx.org\/es\/wp-json\/wp\/v2\/pages\/6604\/revisions"}],"predecessor-version":[{"id":6656,"href":"https:\/\/avance-ntx.org\/es\/wp-json\/wp\/v2\/pages\/6604\/revisions\/6656"}],"up":[{"embeddable":true,"href":"https:\/\/avance-ntx.org\/es\/wp-json\/wp\/v2\/pages\/5912"}],"wp:attachment":[{"href":"https:\/\/avance-ntx.org\/es\/wp-json\/wp\/v2\/media?parent=6604"}],"curies":[{"name":"wp","href":"https:\/\/api.w.org\/{rel}","templated":true}]}}