{"id":5996,"date":"2024-07-17T10:37:21","date_gmt":"2024-07-17T15:37:21","guid":{"rendered":"https:\/\/avance-ntx.org\/?page_id=5996"},"modified":"2024-08-01T12:03:10","modified_gmt":"2024-08-01T17:03:10","slug":"fbc","status":"publish","type":"page","link":"https:\/\/avance-ntx.org\/es\/programs\/fbc\/","title":{"rendered":"Familias Construyendo Comunidades"},"content":{"rendered":"<img loading=\"lazy\" decoding=\"async\" src=\"https:\/\/avance-ntx.org\/wp-content\/uploads\/2024\/07\/FBC-white.png\" alt=\"FBC-white\" itemprop=\"image\" height=\"619\" width=\"1854\" title=\"FBC-white\" onerror=\"this.style.display='none'\"  \/>\n\t<h4><strong>\u00bfListo para unirse a el programa Families Building Communities?<br \/>\n<\/strong>Si ha completado PCEP y est\u00e1 listo para dar el siguiente paso, \u00a1cont\u00e1ctenos!<\/h4>\n\t\t\t<a href=\"https:\/\/avance-ntx.org\/es\/contact\/\" target=\"_blank\" rel=\"noopener\">\n\t\t\t\t\t\t\t\u00a1Cont\u00e1ctenos!\n\t\t\t\t\t<\/a>\n\t<h2>Familias Construyendo Comunidades (FBC)<\/h2>\n\t<p>El programa Familias Construyendo Comunidades (FBC por sus siglas en ingl\u00e9s) est\u00e1 dise\u00f1ado para desarrollar l\u00edderes comunitarios a trav\u00e9s de entrenamiento en desarrollo personal y de liderazgo que involucra a padres y cuidadores y fomenta un mayor compromiso con sus propias comunidades, inculcando un sentido de orgullo y logro.<\/p>\n\t<p>\u202f&#8221;<i>It&#8217;s never too late to discover your potential and put it at the service of the c<\/i><em>ommunity.&#8221;<\/em><\/p>\n<p>&#8211; Araceli Blance, Leadership Academy Graduate\u202f<\/p>\n\t\t\t\t<img loading=\"lazy\" decoding=\"async\" src=\"https:\/\/avance-ntx.org\/wp-content\/uploads\/2024\/07\/20231128_195811567_iOS.jpg\" alt=\"20231128_195811567_iOS\" itemprop=\"image\" height=\"1080\" width=\"1440\" title=\"20231128_195811567_iOS\" onerror=\"this.style.display='none'\"  \/>\n\t\t\t\t<img loading=\"lazy\" decoding=\"async\" src=\"https:\/\/avance-ntx.org\/wp-content\/uploads\/2023\/05\/RGV-HS-3.png\" alt=\"RGV-HS-3\" itemprop=\"image\" height=\"400\" width=\"600\" title=\"RGV-HS-3\" onerror=\"this.style.display='none'\"  \/>\n<h2>\n\t\t C\u00f3mo funciona\n\t<\/h2>\n\t<p>El programa AVANCE Familias Construyendo Comunidades (FBC) es un programa de segundo a\u00f1o para graduados de nuestro Programa de educacion para padres e hijos (PCEP). Est\u00e1 dise\u00f1ado para capacitar a adultos para que sean l\u00edderes en su comunidad, aboguen por sus derechos y fortalezcan la comunicaci\u00f3n con sus hijos. <\/p>\n<p>&nbsp;<\/p>\n<p>Al igual que PCEP, el programa FBC adopta un enfoque de dos generaciones que involucra simult\u00e1neamente a padres y a sus hijos. A lo largo de nueve (9) meses, padres e hijos asisten juntos a sesiones semanales de 90 minutos.<\/p>\n<h2>\n\t\tPadres y Cuidadores\n\t<\/h2>\n\t<p>The FBC curriculum for parents and caregivers is built around each individual&#8217;s potential for success and leadership development in a community context. The 40 hours of instruction and hands-on learning include:<\/p>\n\t<h4><strong>Desarrollo Personal<\/strong><br \/>\n15 horas<\/h4>\n\t<h4><strong>Desarrollo de Liderazgo<\/strong><br \/>\n15 horas<\/h4>\n\t<h4><strong>Proyecto Final basado en las Necesidades de la Comunidad<\/strong><br \/>\n10 horas<\/h4>\n\t\t\t\t<img loading=\"lazy\" decoding=\"async\" src=\"https:\/\/avance-ntx.org\/wp-content\/uploads\/2024\/08\/fbc-STEM.png\" alt=\"fbc-STEM\" itemprop=\"image\" height=\"1594\" width=\"2000\" title=\"fbc-STEM\" onerror=\"this.style.display='none'\"  \/>\n\t\t\t\t<img loading=\"lazy\" decoding=\"async\" src=\"https:\/\/avance-ntx.org\/wp-content\/uploads\/2024\/07\/20231128_200644380_iOS.jpg\" alt=\"20231128_200644380_iOS\" itemprop=\"image\" height=\"1080\" width=\"810\" title=\"20231128_200644380_iOS\" onerror=\"this.style.display='none'\"  \/>\n<h2>\n\t\tNi\u00f1os\n\t<\/h2>\n\t<p>Mientras se apoya a los adultos para que sean l\u00edderes en sus comunidades, es importante asegurarse de que sus propias familias e hijos reciban las herramientas para crecer e interactuar con los adultos de la manera m\u00e1s positiva posible.<\/p>\n<p>&nbsp;<\/p>\n<p> El componente de la Primera Infancia del programa FBC utiliza un curr\u00edculo de PEEP y de The Big Wide World  dise\u00f1ado para cultivar el amor por la ciencia y celebrar la curiosidad y la alegr\u00eda del descubrimiento. Se invita a los ni\u00f1os a explorar y aprender sobre su mundo a trav\u00e9s de experimentos pr\u00e1cticos y actividades que son apropiadas para el desarrollo de ni\u00f1os de tres y cuatro a\u00f1os. <\/p>\n<p>&nbsp;<\/p>\n<p>El material de PEEP y The Big Wide World se basa en trabajos respaldados por la Fundaci\u00f3n Nacional de Ciencias. <a href=\"http:\/\/www.peepandthebigwideworld.com\/en\/about\/\">M\u00e1s sobre PEEP y The Big Wide World<\/a><\/p>\n<h2>\n\t\t \u00bfListo para unirse a FBC?\n\t<\/h2>\n\t<h4>Si ha completado PCEP y est\u00e1 listo para dar el siguiente paso, \u00a1cont\u00e1ctenos!<\/h4>\n\t\t\t<a href=\"https:\/\/avance-ntx.org\/es\/contact\/\" target=\"_blank\" rel=\"noopener\">\n\t\t\t\t\t\t\t\u00a1Cont\u00e1ctenos!\n\t\t\t\t\t<\/a>","protected":false},"excerpt":{"rendered":"<p>Ready to Join the Families Building Communities program? If you have completed PCEP and are ready to take the next step, contact us! Contact us! Families Building Communities The Families Building Communities (FBC) program is designed to develop community leaders through personal and leadership development training that engages parents and caregivers and drives greater commitment &#8230; <a title=\"Familias Construyendo Comunidades\" class=\"read-more\" href=\"https:\/\/avance-ntx.org\/es\/programs\/fbc\/\" aria-label=\"Leer m\u00e1s sobre FBC\">Leer m\u00e1s<\/a><\/p>","protected":false},"author":20,"featured_media":0,"parent":165,"menu_order":0,"comment_status":"closed","ping_status":"closed","template":"","meta":{"inline_featured_image":false,"_vp_format_video_url":"","_vp_image_focal_point":[],"footnotes":""},"class_list":["post-5996","page","type-page","status-publish"],"yoast_head":"<!-- This site is optimized with the Yoast SEO plugin v27.3 - https:\/\/yoast.com\/product\/yoast-seo-wordpress\/ -->\n<title>FBC - AVANCE Dallas<\/title>\n<meta name=\"robots\" content=\"index, follow, max-snippet:-1, max-image-preview:large, max-video-preview:-1\" \/>\n<link rel=\"canonical\" href=\"https:\/\/avance-ntx.org\/es\/programs\/fbc\/\" \/>\n<meta property=\"og:locale\" content=\"es_MX\" \/>\n<meta property=\"og:type\" content=\"article\" \/>\n<meta property=\"og:title\" content=\"FBC - AVANCE Dallas\" \/>\n<meta property=\"og:description\" content=\"Ready to Join the Families Building Communities program? If you have completed PCEP and are ready to take the next step, contact us! Contact us! Families Building Communities The Families Building Communities (FBC) program is designed to develop community leaders through personal and leadership development training that engages parents and caregivers and drives greater commitment ... Leer m\u00e1s\" \/>\n<meta property=\"og:url\" content=\"https:\/\/avance-ntx.org\/es\/programs\/fbc\/\" \/>\n<meta property=\"og:site_name\" content=\"AVANCE Dallas\" \/>\n<meta property=\"article:publisher\" content=\"https:\/\/www.facebook.com\/AVANCEinc\/\" \/>\n<meta property=\"article:modified_time\" content=\"2024-08-01T17:03:10+00:00\" \/>\n<meta property=\"og:image\" content=\"https:\/\/avance-ntx.org\/wp-content\/uploads\/2024\/07\/FBC-white.png\" \/>\n<meta name=\"twitter:card\" content=\"summary_large_image\" \/>\n<meta name=\"twitter:site\" content=\"@AVANCEinc\" \/>\n<meta name=\"twitter:label1\" content=\"Tiempo de lectura\" \/>\n\t<meta name=\"twitter:data1\" content=\"1 minuto\" \/>\n<script type=\"application\/ld+json\" class=\"yoast-schema-graph\">{\"@context\":\"https:\\\/\\\/schema.org\",\"@graph\":[{\"@type\":\"WebPage\",\"@id\":\"https:\\\/\\\/avance-ntx.org\\\/programs\\\/fbc\\\/\",\"url\":\"https:\\\/\\\/avance-ntx.org\\\/programs\\\/fbc\\\/\",\"name\":\"FBC - AVANCE Dallas\",\"isPartOf\":{\"@id\":\"https:\\\/\\\/avance-ntx.org\\\/#website\"},\"primaryImageOfPage\":{\"@id\":\"https:\\\/\\\/avance-ntx.org\\\/programs\\\/fbc\\\/#primaryimage\"},\"image\":{\"@id\":\"https:\\\/\\\/avance-ntx.org\\\/programs\\\/fbc\\\/#primaryimage\"},\"thumbnailUrl\":\"https:\\\/\\\/avance-ntx.org\\\/wp-content\\\/uploads\\\/2024\\\/07\\\/FBC-white.png\",\"datePublished\":\"2024-07-17T15:37:21+00:00\",\"dateModified\":\"2024-08-01T17:03:10+00:00\",\"breadcrumb\":{\"@id\":\"https:\\\/\\\/avance-ntx.org\\\/programs\\\/fbc\\\/#breadcrumb\"},\"inLanguage\":\"es\",\"potentialAction\":[{\"@type\":\"ReadAction\",\"target\":[\"https:\\\/\\\/avance-ntx.org\\\/programs\\\/fbc\\\/\"]}]},{\"@type\":\"ImageObject\",\"inLanguage\":\"es\",\"@id\":\"https:\\\/\\\/avance-ntx.org\\\/programs\\\/fbc\\\/#primaryimage\",\"url\":\"https:\\\/\\\/avance-ntx.org\\\/wp-content\\\/uploads\\\/2024\\\/07\\\/FBC-white.png\",\"contentUrl\":\"https:\\\/\\\/avance-ntx.org\\\/wp-content\\\/uploads\\\/2024\\\/07\\\/FBC-white.png\"},{\"@type\":\"BreadcrumbList\",\"@id\":\"https:\\\/\\\/avance-ntx.org\\\/programs\\\/fbc\\\/#breadcrumb\",\"itemListElement\":[{\"@type\":\"ListItem\",\"position\":1,\"name\":\"Home\",\"item\":\"https:\\\/\\\/avance-ntx.org\\\/\"},{\"@type\":\"ListItem\",\"position\":2,\"name\":\"Programs\",\"item\":\"https:\\\/\\\/avance-ntx.org\\\/programs\\\/\"},{\"@type\":\"ListItem\",\"position\":3,\"name\":\"FBC\"}]},{\"@type\":\"WebSite\",\"@id\":\"https:\\\/\\\/avance-ntx.org\\\/#website\",\"url\":\"https:\\\/\\\/avance-ntx.org\\\/\",\"name\":\"AVANCE Dallas\",\"description\":\"Unlocking America&#039;s Potential\",\"publisher\":{\"@id\":\"https:\\\/\\\/avance-ntx.org\\\/#organization\"},\"potentialAction\":[{\"@type\":\"SearchAction\",\"target\":{\"@type\":\"EntryPoint\",\"urlTemplate\":\"https:\\\/\\\/avance-ntx.org\\\/?s={search_term_string}\"},\"query-input\":{\"@type\":\"PropertyValueSpecification\",\"valueRequired\":true,\"valueName\":\"search_term_string\"}}],\"inLanguage\":\"es\"},{\"@type\":\"Organization\",\"@id\":\"https:\\\/\\\/avance-ntx.org\\\/#organization\",\"name\":\"AVANCE Dallas\",\"url\":\"https:\\\/\\\/avance-ntx.org\\\/\",\"logo\":{\"@type\":\"ImageObject\",\"inLanguage\":\"es\",\"@id\":\"https:\\\/\\\/avance-ntx.org\\\/#\\\/schema\\\/logo\\\/image\\\/\",\"url\":\"https:\\\/\\\/avance-ntx.org\\\/wp-content\\\/uploads\\\/2025\\\/08\\\/30th-NTX-Color-Horizontal.svg\",\"contentUrl\":\"https:\\\/\\\/avance-ntx.org\\\/wp-content\\\/uploads\\\/2025\\\/08\\\/30th-NTX-Color-Horizontal.svg\",\"caption\":\"AVANCE Dallas\"},\"image\":{\"@id\":\"https:\\\/\\\/avance-ntx.org\\\/#\\\/schema\\\/logo\\\/image\\\/\"},\"sameAs\":[\"https:\\\/\\\/www.facebook.com\\\/AVANCEinc\\\/\",\"https:\\\/\\\/x.com\\\/AVANCEinc\",\"https:\\\/\\\/www.instagram.com\\\/avance__inc\\\/\",\"https:\\\/\\\/www.linkedin.com\\\/company\\\/avance-inc\"]}]}<\/script>\n<!-- \/ Yoast SEO plugin. -->","yoast_head_json":{"title":"FBC - AVANCE Dallas","robots":{"index":"index","follow":"follow","max-snippet":"max-snippet:-1","max-image-preview":"max-image-preview:large","max-video-preview":"max-video-preview:-1"},"canonical":"https:\/\/avance-ntx.org\/es\/programs\/fbc\/","og_locale":"es_MX","og_type":"article","og_title":"FBC - AVANCE Dallas","og_description":"Ready to Join the Families Building Communities program? If you have completed PCEP and are ready to take the next step, contact us! Contact us! Families Building Communities The Families Building Communities (FBC) program is designed to develop community leaders through personal and leadership development training that engages parents and caregivers and drives greater commitment ... Leer m\u00e1s","og_url":"https:\/\/avance-ntx.org\/es\/programs\/fbc\/","og_site_name":"AVANCE Dallas","article_publisher":"https:\/\/www.facebook.com\/AVANCEinc\/","article_modified_time":"2024-08-01T17:03:10+00:00","og_image":[{"url":"https:\/\/avance-ntx.org\/wp-content\/uploads\/2024\/07\/FBC-white.png","type":"","width":"","height":""}],"twitter_card":"summary_large_image","twitter_site":"@AVANCEinc","twitter_misc":{"Tiempo de lectura":"1 minuto"},"schema":{"@context":"https:\/\/schema.org","@graph":[{"@type":"WebPage","@id":"https:\/\/avance-ntx.org\/programs\/fbc\/","url":"https:\/\/avance-ntx.org\/programs\/fbc\/","name":"FBC - AVANCE Dallas","isPartOf":{"@id":"https:\/\/avance-ntx.org\/#website"},"primaryImageOfPage":{"@id":"https:\/\/avance-ntx.org\/programs\/fbc\/#primaryimage"},"image":{"@id":"https:\/\/avance-ntx.org\/programs\/fbc\/#primaryimage"},"thumbnailUrl":"https:\/\/avance-ntx.org\/wp-content\/uploads\/2024\/07\/FBC-white.png","datePublished":"2024-07-17T15:37:21+00:00","dateModified":"2024-08-01T17:03:10+00:00","breadcrumb":{"@id":"https:\/\/avance-ntx.org\/programs\/fbc\/#breadcrumb"},"inLanguage":"es","potentialAction":[{"@type":"ReadAction","target":["https:\/\/avance-ntx.org\/programs\/fbc\/"]}]},{"@type":"ImageObject","inLanguage":"es","@id":"https:\/\/avance-ntx.org\/programs\/fbc\/#primaryimage","url":"https:\/\/avance-ntx.org\/wp-content\/uploads\/2024\/07\/FBC-white.png","contentUrl":"https:\/\/avance-ntx.org\/wp-content\/uploads\/2024\/07\/FBC-white.png"},{"@type":"BreadcrumbList","@id":"https:\/\/avance-ntx.org\/programs\/fbc\/#breadcrumb","itemListElement":[{"@type":"ListItem","position":1,"name":"Home","item":"https:\/\/avance-ntx.org\/"},{"@type":"ListItem","position":2,"name":"Programs","item":"https:\/\/avance-ntx.org\/programs\/"},{"@type":"ListItem","position":3,"name":"FBC"}]},{"@type":"WebSite","@id":"https:\/\/avance-ntx.org\/#website","url":"https:\/\/avance-ntx.org\/","name":"AVANCE Dallas","description":"Unlocking America&#039;s Potential","publisher":{"@id":"https:\/\/avance-ntx.org\/#organization"},"potentialAction":[{"@type":"SearchAction","target":{"@type":"EntryPoint","urlTemplate":"https:\/\/avance-ntx.org\/?s={search_term_string}"},"query-input":{"@type":"PropertyValueSpecification","valueRequired":true,"valueName":"search_term_string"}}],"inLanguage":"es"},{"@type":"Organization","@id":"https:\/\/avance-ntx.org\/#organization","name":"AVANCE Dallas","url":"https:\/\/avance-ntx.org\/","logo":{"@type":"ImageObject","inLanguage":"es","@id":"https:\/\/avance-ntx.org\/#\/schema\/logo\/image\/","url":"https:\/\/avance-ntx.org\/wp-content\/uploads\/2025\/08\/30th-NTX-Color-Horizontal.svg","contentUrl":"https:\/\/avance-ntx.org\/wp-content\/uploads\/2025\/08\/30th-NTX-Color-Horizontal.svg","caption":"AVANCE Dallas"},"image":{"@id":"https:\/\/avance-ntx.org\/#\/schema\/logo\/image\/"},"sameAs":["https:\/\/www.facebook.com\/AVANCEinc\/","https:\/\/x.com\/AVANCEinc","https:\/\/www.instagram.com\/avance__inc\/","https:\/\/www.linkedin.com\/company\/avance-inc"]}]}},"post_mailing_queue_ids":[],"_links":{"self":[{"href":"https:\/\/avance-ntx.org\/es\/wp-json\/wp\/v2\/pages\/5996","targetHints":{"allow":["GET"]}}],"collection":[{"href":"https:\/\/avance-ntx.org\/es\/wp-json\/wp\/v2\/pages"}],"about":[{"href":"https:\/\/avance-ntx.org\/es\/wp-json\/wp\/v2\/types\/page"}],"author":[{"embeddable":true,"href":"https:\/\/avance-ntx.org\/es\/wp-json\/wp\/v2\/users\/20"}],"replies":[{"embeddable":true,"href":"https:\/\/avance-ntx.org\/es\/wp-json\/wp\/v2\/comments?post=5996"}],"version-history":[{"count":7,"href":"https:\/\/avance-ntx.org\/es\/wp-json\/wp\/v2\/pages\/5996\/revisions"}],"predecessor-version":[{"id":6334,"href":"https:\/\/avance-ntx.org\/es\/wp-json\/wp\/v2\/pages\/5996\/revisions\/6334"}],"up":[{"embeddable":true,"href":"https:\/\/avance-ntx.org\/es\/wp-json\/wp\/v2\/pages\/165"}],"wp:attachment":[{"href":"https:\/\/avance-ntx.org\/es\/wp-json\/wp\/v2\/media?parent=5996"}],"curies":[{"name":"wp","href":"https:\/\/api.w.org\/{rel}","templated":true}]}}