{"id":5888,"date":"2024-07-01T21:13:12","date_gmt":"2024-07-02T02:13:12","guid":{"rendered":"https:\/\/avance-ntx.org\/?page_id=5888"},"modified":"2024-08-01T12:35:37","modified_gmt":"2024-08-01T17:35:37","slug":"events","status":"publish","type":"page","link":"https:\/\/avance-ntx.org\/es\/events\/","title":{"rendered":"Eventos"},"content":{"rendered":"<h2>\n\t\tEventos\n\t<\/h2>\n<h2>\n\t\t<a href=\"\/es\/events\/doll-contest\/\" title=\"Concurso y Exhibici\u00f3n de Mu\u00f1ecas\" target=\"_self\" rel=\"noopener\">\n\t\tConcurso y Exhibici\u00f3n de Mu\u00f1ecas\n\t\t<\/a>\n\t<\/h2>\n\t<p>La mu\u00f1eca de trapo es uno de los 16 juguetes creados en la clase de fabricaci\u00f3n de juguetes donde los participantes descubren lo que significa el aprendizaje a trav\u00e9s del juego. El concurso de mu\u00f1ecas es una excepcional oportunidad para que los participantes puedan exhibir sus creaciones y el orgullo de crear un juguete realizado pensando en sus hijos.<\/p>\n<h2>\n\t\t<a href=\"\/es\/events\/toy-contest\/\" title=\"Concurso de Juguetes\" target=\"_self\" rel=\"noopener\">\n\t\tConcurso de Juguetes\n\t\t<\/a>\n\t<\/h2>\n\t<p>Celebrado en abril, el concurso de juguetes es una celebraci\u00f3n del ingenio y la imaginaci\u00f3n, donde se honra la diversidad de formas en que los juguetes pueden inspirar y educar a los ni\u00f1os. Cada familia realiza un juguete educativo que se comparte con la comunidad en una exhibici\u00f3n p\u00fablica antes de seleccionar a los ganadores.<\/p>\n<h4>\n\t\t<a href=\"\/es\/events\/dia-del-nino\/\" title=\"D\u00eda del Ni\u00f1o\" target=\"_self\" rel=\"noopener\">\n\t\tD\u00eda del Ni\u00f1o\n\t\t<\/a>\n\t<\/h4>\n\t<p>Our celebration of El D\u00eda del Ni\u00f1o (April 30), or Children&#8217;s Day, brings all families registered in AVANCE together for a day filled with activities that make children feel special and valued. During this celebration, we also announce the winners of the Toy Contest.<\/p>\n<h2>\n\t\t<a href=\"\/es\/events\/graduation\/\" title=\"Graduaci\u00f3n\" target=\"_self\" rel=\"noopener\">\n\t\tGraduaci\u00f3n\n\t\t<\/a>\n\t<\/h2>\n\t<p>Every Spring, we hold a graduation ceremony to mark the completion of our Parent-Child Education Program and the beginning of a new stage in the lives of graduates. It is the children&#8217;s first graduation and the only one in which both parents and children walk across the stage together.<\/p>\n<h2>\n\t\t<a href=\"\/es\/events\/resource-fair\/\" title=\"Resource Fair\" target=\"_self\" rel=\"noopener\">\n\t\tResource Fair\n\t\t<\/a>\n\t<\/h2>\n\t<p>La feria de recursos proporciona informaci\u00f3n de recursos en nuestra comunidad disponibles para las familias de AVANCE. Abierta a toda la comunidad, la feria incluye rifas para las familias participantes adem\u00e1s de actividades para ni\u00f1os peque\u00f1os.<\/p>\n<h2>\n\t\t<a href=\"\/es\/events\/bookworm-brunch\/\" title=\"Bookworm Brunch\" target=\"_self\" rel=\"noopener\">\n\t\tBookworm Brunch\n\t\t<\/a>\n\t<\/h2>\n\t<p>El Bookworm Brunch es un d\u00eda de diversi\u00f3n, comida y alfabetizaci\u00f3n para las familias en los programas de AVANCE. Las familias disfrutar\u00e1n de un delicioso brunch mientras los ni\u00f1os se sumergen en una variedad de actividades dise\u00f1adas para inspirar un amor por la lectura en la pr\u00f3xima generaci\u00f3n.<\/p>","protected":false},"excerpt":{"rendered":"<p>Events Doll Contest and Exhibition The rag doll is one of 16 toys created in the PCEP toy-making class, where participants discover what learning through play means. The Doll Contest is an exceptional opportunity for participants to showcase their creations and the pride of creating a toy made with their children in mind. Toy Contest &#8230; <a title=\"Eventos\" class=\"read-more\" href=\"https:\/\/avance-ntx.org\/es\/events\/\" aria-label=\"Leer m\u00e1s sobre Events\">Leer m\u00e1s<\/a><\/p>","protected":false},"author":20,"featured_media":0,"parent":0,"menu_order":13,"comment_status":"closed","ping_status":"closed","template":"","meta":{"inline_featured_image":false,"_vp_format_video_url":"","_vp_image_focal_point":[],"footnotes":""},"class_list":["post-5888","page","type-page","status-publish"],"yoast_head":"<!-- This site is optimized with the Yoast SEO plugin v27.3 - https:\/\/yoast.com\/product\/yoast-seo-wordpress\/ -->\n<title>Events - AVANCE Dallas<\/title>\n<meta name=\"robots\" content=\"index, follow, max-snippet:-1, max-image-preview:large, max-video-preview:-1\" \/>\n<link rel=\"canonical\" href=\"https:\/\/avance-ntx.org\/es\/events\/\" \/>\n<meta property=\"og:locale\" content=\"es_MX\" \/>\n<meta property=\"og:type\" content=\"article\" \/>\n<meta property=\"og:title\" content=\"Events - AVANCE Dallas\" \/>\n<meta property=\"og:description\" content=\"Events Doll Contest and Exhibition The rag doll is one of 16 toys created in the PCEP toy-making class, where participants discover what learning through play means. The Doll Contest is an exceptional opportunity for participants to showcase their creations and the pride of creating a toy made with their children in mind. Toy Contest ... Leer m\u00e1s\" \/>\n<meta property=\"og:url\" content=\"https:\/\/avance-ntx.org\/es\/events\/\" \/>\n<meta property=\"og:site_name\" content=\"AVANCE Dallas\" \/>\n<meta property=\"article:publisher\" content=\"https:\/\/www.facebook.com\/AVANCEinc\/\" \/>\n<meta property=\"article:modified_time\" content=\"2024-08-01T17:35:37+00:00\" \/>\n<meta name=\"twitter:card\" content=\"summary_large_image\" \/>\n<meta name=\"twitter:site\" content=\"@AVANCEinc\" \/>\n<meta name=\"twitter:label1\" content=\"Tiempo de lectura\" \/>\n\t<meta name=\"twitter:data1\" content=\"2 minutos\" \/>\n<script type=\"application\/ld+json\" class=\"yoast-schema-graph\">{\"@context\":\"https:\\\/\\\/schema.org\",\"@graph\":[{\"@type\":\"WebPage\",\"@id\":\"https:\\\/\\\/avance-ntx.org\\\/events\\\/\",\"url\":\"https:\\\/\\\/avance-ntx.org\\\/events\\\/\",\"name\":\"Events - AVANCE Dallas\",\"isPartOf\":{\"@id\":\"https:\\\/\\\/avance-ntx.org\\\/#website\"},\"datePublished\":\"2024-07-02T02:13:12+00:00\",\"dateModified\":\"2024-08-01T17:35:37+00:00\",\"breadcrumb\":{\"@id\":\"https:\\\/\\\/avance-ntx.org\\\/events\\\/#breadcrumb\"},\"inLanguage\":\"es\",\"potentialAction\":[{\"@type\":\"ReadAction\",\"target\":[\"https:\\\/\\\/avance-ntx.org\\\/events\\\/\"]}]},{\"@type\":\"BreadcrumbList\",\"@id\":\"https:\\\/\\\/avance-ntx.org\\\/events\\\/#breadcrumb\",\"itemListElement\":[{\"@type\":\"ListItem\",\"position\":1,\"name\":\"Home\",\"item\":\"https:\\\/\\\/avance-ntx.org\\\/\"},{\"@type\":\"ListItem\",\"position\":2,\"name\":\"Events\"}]},{\"@type\":\"WebSite\",\"@id\":\"https:\\\/\\\/avance-ntx.org\\\/#website\",\"url\":\"https:\\\/\\\/avance-ntx.org\\\/\",\"name\":\"AVANCE Dallas\",\"description\":\"Unlocking America&#039;s Potential\",\"publisher\":{\"@id\":\"https:\\\/\\\/avance-ntx.org\\\/#organization\"},\"potentialAction\":[{\"@type\":\"SearchAction\",\"target\":{\"@type\":\"EntryPoint\",\"urlTemplate\":\"https:\\\/\\\/avance-ntx.org\\\/?s={search_term_string}\"},\"query-input\":{\"@type\":\"PropertyValueSpecification\",\"valueRequired\":true,\"valueName\":\"search_term_string\"}}],\"inLanguage\":\"es\"},{\"@type\":\"Organization\",\"@id\":\"https:\\\/\\\/avance-ntx.org\\\/#organization\",\"name\":\"AVANCE Dallas\",\"url\":\"https:\\\/\\\/avance-ntx.org\\\/\",\"logo\":{\"@type\":\"ImageObject\",\"inLanguage\":\"es\",\"@id\":\"https:\\\/\\\/avance-ntx.org\\\/#\\\/schema\\\/logo\\\/image\\\/\",\"url\":\"https:\\\/\\\/avance-ntx.org\\\/wp-content\\\/uploads\\\/2025\\\/08\\\/30th-NTX-Color-Horizontal.svg\",\"contentUrl\":\"https:\\\/\\\/avance-ntx.org\\\/wp-content\\\/uploads\\\/2025\\\/08\\\/30th-NTX-Color-Horizontal.svg\",\"caption\":\"AVANCE Dallas\"},\"image\":{\"@id\":\"https:\\\/\\\/avance-ntx.org\\\/#\\\/schema\\\/logo\\\/image\\\/\"},\"sameAs\":[\"https:\\\/\\\/www.facebook.com\\\/AVANCEinc\\\/\",\"https:\\\/\\\/x.com\\\/AVANCEinc\",\"https:\\\/\\\/www.instagram.com\\\/avance__inc\\\/\",\"https:\\\/\\\/www.linkedin.com\\\/company\\\/avance-inc\"]}]}<\/script>\n<!-- \/ Yoast SEO plugin. -->","yoast_head_json":{"title":"Events - AVANCE Dallas","robots":{"index":"index","follow":"follow","max-snippet":"max-snippet:-1","max-image-preview":"max-image-preview:large","max-video-preview":"max-video-preview:-1"},"canonical":"https:\/\/avance-ntx.org\/es\/events\/","og_locale":"es_MX","og_type":"article","og_title":"Events - AVANCE Dallas","og_description":"Events Doll Contest and Exhibition The rag doll is one of 16 toys created in the PCEP toy-making class, where participants discover what learning through play means. The Doll Contest is an exceptional opportunity for participants to showcase their creations and the pride of creating a toy made with their children in mind. Toy Contest ... Leer m\u00e1s","og_url":"https:\/\/avance-ntx.org\/es\/events\/","og_site_name":"AVANCE Dallas","article_publisher":"https:\/\/www.facebook.com\/AVANCEinc\/","article_modified_time":"2024-08-01T17:35:37+00:00","twitter_card":"summary_large_image","twitter_site":"@AVANCEinc","twitter_misc":{"Tiempo de lectura":"2 minutos"},"schema":{"@context":"https:\/\/schema.org","@graph":[{"@type":"WebPage","@id":"https:\/\/avance-ntx.org\/events\/","url":"https:\/\/avance-ntx.org\/events\/","name":"Events - AVANCE Dallas","isPartOf":{"@id":"https:\/\/avance-ntx.org\/#website"},"datePublished":"2024-07-02T02:13:12+00:00","dateModified":"2024-08-01T17:35:37+00:00","breadcrumb":{"@id":"https:\/\/avance-ntx.org\/events\/#breadcrumb"},"inLanguage":"es","potentialAction":[{"@type":"ReadAction","target":["https:\/\/avance-ntx.org\/events\/"]}]},{"@type":"BreadcrumbList","@id":"https:\/\/avance-ntx.org\/events\/#breadcrumb","itemListElement":[{"@type":"ListItem","position":1,"name":"Home","item":"https:\/\/avance-ntx.org\/"},{"@type":"ListItem","position":2,"name":"Events"}]},{"@type":"WebSite","@id":"https:\/\/avance-ntx.org\/#website","url":"https:\/\/avance-ntx.org\/","name":"AVANCE Dallas","description":"Unlocking America&#039;s Potential","publisher":{"@id":"https:\/\/avance-ntx.org\/#organization"},"potentialAction":[{"@type":"SearchAction","target":{"@type":"EntryPoint","urlTemplate":"https:\/\/avance-ntx.org\/?s={search_term_string}"},"query-input":{"@type":"PropertyValueSpecification","valueRequired":true,"valueName":"search_term_string"}}],"inLanguage":"es"},{"@type":"Organization","@id":"https:\/\/avance-ntx.org\/#organization","name":"AVANCE Dallas","url":"https:\/\/avance-ntx.org\/","logo":{"@type":"ImageObject","inLanguage":"es","@id":"https:\/\/avance-ntx.org\/#\/schema\/logo\/image\/","url":"https:\/\/avance-ntx.org\/wp-content\/uploads\/2025\/08\/30th-NTX-Color-Horizontal.svg","contentUrl":"https:\/\/avance-ntx.org\/wp-content\/uploads\/2025\/08\/30th-NTX-Color-Horizontal.svg","caption":"AVANCE Dallas"},"image":{"@id":"https:\/\/avance-ntx.org\/#\/schema\/logo\/image\/"},"sameAs":["https:\/\/www.facebook.com\/AVANCEinc\/","https:\/\/x.com\/AVANCEinc","https:\/\/www.instagram.com\/avance__inc\/","https:\/\/www.linkedin.com\/company\/avance-inc"]}]}},"post_mailing_queue_ids":[],"_links":{"self":[{"href":"https:\/\/avance-ntx.org\/es\/wp-json\/wp\/v2\/pages\/5888","targetHints":{"allow":["GET"]}}],"collection":[{"href":"https:\/\/avance-ntx.org\/es\/wp-json\/wp\/v2\/pages"}],"about":[{"href":"https:\/\/avance-ntx.org\/es\/wp-json\/wp\/v2\/types\/page"}],"author":[{"embeddable":true,"href":"https:\/\/avance-ntx.org\/es\/wp-json\/wp\/v2\/users\/20"}],"replies":[{"embeddable":true,"href":"https:\/\/avance-ntx.org\/es\/wp-json\/wp\/v2\/comments?post=5888"}],"version-history":[{"count":10,"href":"https:\/\/avance-ntx.org\/es\/wp-json\/wp\/v2\/pages\/5888\/revisions"}],"predecessor-version":[{"id":6343,"href":"https:\/\/avance-ntx.org\/es\/wp-json\/wp\/v2\/pages\/5888\/revisions\/6343"}],"wp:attachment":[{"href":"https:\/\/avance-ntx.org\/es\/wp-json\/wp\/v2\/media?parent=5888"}],"curies":[{"name":"wp","href":"https:\/\/api.w.org\/{rel}","templated":true}]}}