{"id":5556,"date":"2024-05-09T11:46:39","date_gmt":"2024-05-09T16:46:50","guid":{"rendered":"https:\/\/avance-ntx.org\/?page_id=5556"},"modified":"2026-04-08T13:27:49","modified_gmt":"2026-04-08T18:27:49","slug":"pcep","status":"publish","type":"page","link":"https:\/\/avance-ntx.org\/es\/programs\/pcep\/","title":{"rendered":"Programa de Educaci\u00f3n para Padres e Hijos de Avance (PCEP)"},"content":{"rendered":"<img loading=\"lazy\" decoding=\"async\" src=\"https:\/\/avance-ntx.org\/wp-content\/uploads\/2024\/05\/PCEP-white-1024x342.png\" alt=\"PCEP-white\" itemprop=\"image\" height=\"342\" width=\"1024\" title=\"PCEP-white\" onerror=\"this.style.display='none'\"  \/>\n<h2>\n\t\t\u00bfListo para inscribirse en PCEP?\n\t<\/h2>\n<a href=\"https:\/\/forms.cloud.microsoft\/r\/UHeTJz9SAV\">\n    \u00a1Cont\u00e1ctenos!\n<\/a>\n<style>\n    .pcepcontact-btn {\n        cursor: pointer;\n        background: #ffffff;\n        box-shadow: 0px 0px 0px rgba(0, 0, 0, 0.25);\n        border-radius: 60px;\n        color: #48c2c5;\n        font: helvetica;\n        font-size: 20px;\n        font-weight: bold;\n        padding: 10px 25px 10px 25px;\n    }\n    .btn-container {\n        text-align: center;\n    }\n<\/style>\n<h2>\n\t\t\u00bfQu\u00e9 es PCEP?\n\t<\/h2>\n\t<p>El <strong>Programa de Educaci\u00f3n para Padres e Hijos de Avance (PCEP)<\/strong> is AVANCE&#8217;s core foundational program, supporting parents as their child&#8217;s first teacher and their home as the first classroom.<\/p>\n<p>&nbsp;<\/p>\n<p>PCEP es un programa GRATUITO de 9 meses para mujeres embarazadas, padres, cuidadores y para sus hijos de entre 0 y 4 a\u00f1os. El programa ofrece:<\/p>\n\t<p>Clases de primera infancia<\/p>\n\t<p>Herramientas y oportunidades para una educaci\u00f3n de calidad en la primera infancia<\/p>\n\t<p>Apoyo con habilidades parentales y desarrollo infantil<\/p>\n\t<p>Recursos y servicios de apoyo para toda la familia<\/p>\n\t\t\t\t<img loading=\"lazy\" decoding=\"async\" src=\"https:\/\/avance-ntx.org\/wp-content\/uploads\/2024\/07\/20231010_171124565_iOS-modified-1.png\" alt=\"20231010_171124565_iOS-modified (1)\" itemprop=\"image\" height=\"800\" width=\"800\" title=\"20231010_171124565_iOS-modified (1)\" onerror=\"this.style.display='none'\"  \/>\n\t<p><em>AVANCE is the difference between before and now. It has given me the tools to better understand my daughter&#8217;s needs and it showed me how to be a better mother.<\/em><\/p>\n<p>-Maribel Bautista, PCEP Graduate<\/p>\n\t\t\t\t<img loading=\"lazy\" decoding=\"async\" src=\"https:\/\/avance-ntx.org\/wp-content\/uploads\/2024\/07\/20230927_142010478_iOS-modified-1.png\" alt=\"20230927_142010478_iOS-modified (1)\" itemprop=\"image\" height=\"800\" width=\"800\" title=\"20230927_142010478_iOS-modified (1)\" onerror=\"this.style.display='none'\"  \/>\n<h2>\n\t\tC\u00f3mo funciona\n\t<\/h2>\n\t<p>Nuestro modelo de dos generaciones combina la educaci\u00f3n parental, el desarrollo infantil en la primera infancia y la participaci\u00f3n comunitaria para garantizar un apoyo integral a las familias. Ni\u00f1os menores de 4 a\u00f1os y los adultos en su vida asisten a clase por 4 horas una vez a la semana que incluye:<\/p>\n<h3>\n\t\tParents &#038; Caregivers\n\t<\/h3>\n\tEducaci\u00f3n Parental<br \/>\n(1 hour)\n\tEducational Toy Making<br \/>\n(1 hour)\n\tCommunity Engagement<br \/>\n(1 hour)\n\tWell Together<br \/>\n(1 hora)\n<h3>\n\t\tNi\u00f1os\n\t<\/h3>\n<h3>\n\t\tPadre e Hijo\n\t<\/h3>\n\tEducaci\u00f3n en la Ni\u00f1ez Temprana<br \/>\n(4 hours)\n\tHome Visits<br \/>\n(6 visitas durante el programa)\n<h2>\n\t\t\u00a1NUEVO! Well Together\n\t<\/h2>\n\t<h3>Our Well Together curriculum is a unique component of PCEP at AVANCE-North Texas in Dallas and Tarrant Counties that is dedicated to addressing families&#8217; mental health needs.<\/h3>\n\t<p>El estigma asociado con la salud mental en la poblaci\u00f3n hispana, los diagn\u00f3sticos err\u00f3neos debido a diferencias culturales, el miedo al estatus legal y las barreras idiom\u00e1ticas impiden que las personas necesitadas busquen ayuda. Well Together se enfoca especialmente en remover barreras para acceder a servicios esenciales de salud mental dentro de la comunidad hispana y ofrece apoyo pr\u00e1ctico de gesti\u00f3n de casos a aquellas familias que enfrentan los mayores riesgos.<\/p>\n<p>&nbsp;<\/p>\n<p>The Well Together curriculum is administered by Parent Educators-members of the Hispanic community who have been specially trained by our Mental Health Specialist to provide basic mental health education and case management without being professional health care providers. Our Parent Educators are skilled at meeting families where they are and creating a safe environment that fosters openness and receptiveness to improving their mental health.<\/p>\n\t\t\t\t<img loading=\"lazy\" decoding=\"async\" src=\"https:\/\/avance-ntx.org\/wp-content\/uploads\/2024\/07\/20230920_143326395_iOS-1-modified-2.png\" alt=\"20230920_143326395_iOS 1-modified (2)\" itemprop=\"image\" height=\"800\" width=\"800\" title=\"20230920_143326395_iOS 1-modified (2)\" onerror=\"this.style.display='none'\"  \/>\n\t<p><em>\"Quiero agradecer al personal de AVANCE por ayudarme durante mis tiempos dif\u00edciles. Me brindaron todo el asesoramiento, informaci\u00f3n y sitios web que necesitaba para ayudarme a recuperar mi felicidad. Se tomaron el tiempo para hablar conmigo, haci\u00e9ndome saber que hay esperanza para m\u00ed y lo importante que soy. Cuando pens\u00e9 que no ten\u00eda ayuda, ellos estuvieron all\u00ed para ayudarme.\"<\/em><\/p>\n<p>-Juanita Ortiz<\/p>\n<h2>\n\t\t\u00bfListo para inscribirse en PCEP?\n\t<\/h2>\n\t<h3>PCEP can give you the knowledge and tools to transform your home into a lifelong learning laboratory and to become your children&#8217;s first teacher, starting at birth. Contact us today to learn more or enroll!\u00a0\u00a0<\/h3>\n<a href=\"https:\/\/forms.cloud.microsoft\/r\/UHeTJz9SAV\">\n    \u00a1Cont\u00e1ctenos!\n<\/a>\n<style>\n    .pcepcontact-btn {\n        cursor: pointer;\n        background: #ffffff;\n        box-shadow: 0px 0px 0px rgba(0, 0, 0, 0.25);\n        border-radius: 80px;\n        color: #48c2c5;\n        font: helvetica;\n        font-size: 24px;\n        font-weight: bold;\n        padding: 15px 35px 15px 35px;\n    }\n    .btn-container {\n        text-align: center;\n    }\n<\/style>","protected":false},"excerpt":{"rendered":"<p>Ready to enroll in PCEP? Contact Us! What is PCEP? The Parent-Child Education Program (PCEP) is AVANCE&#8217;s core foundational program, supporting parents as their child&#8217;s first teacher and their home as the first classroom. &nbsp; PCEP is a FREE 9-month program for pregnant women, parents and caregivers, and their children between the ages of 0-4 &#8230; <a title=\"Programa de Educaci\u00f3n para Padres e Hijos de Avance (PCEP)\" class=\"read-more\" href=\"https:\/\/avance-ntx.org\/es\/programs\/pcep\/\" aria-label=\"Leer m\u00e1s sobre Parent-Child Education Program (PCEP)\">Leer m\u00e1s<\/a><\/p>","protected":false},"author":20,"featured_media":0,"parent":165,"menu_order":14,"comment_status":"closed","ping_status":"closed","template":"","meta":{"inline_featured_image":false,"_vp_format_video_url":"","_vp_image_focal_point":[],"footnotes":""},"class_list":["post-5556","page","type-page","status-publish"],"yoast_head":"<!-- This site is optimized with the Yoast SEO plugin v27.3 - https:\/\/yoast.com\/product\/yoast-seo-wordpress\/ -->\n<title>Parent-Child Education Program (PCEP) - AVANCE Dallas<\/title>\n<meta name=\"description\" content=\"Learn more about how to bring the AVANCE Parent-Child Education Program (PCEP) to your community to create a lasting impact for local families for generations to come.\" \/>\n<meta name=\"robots\" content=\"index, follow, max-snippet:-1, max-image-preview:large, max-video-preview:-1\" \/>\n<link rel=\"canonical\" href=\"https:\/\/avance-ntx.org\/es\/programs\/pcep\/\" \/>\n<meta property=\"og:locale\" content=\"es_MX\" \/>\n<meta property=\"og:type\" content=\"article\" \/>\n<meta property=\"og:title\" content=\"AVANCE Quality Child Care Matters Program\" \/>\n<meta property=\"og:description\" content=\"Learn more about how to bring the AVANCE Parent-Child Education Program (PCEP) to your community to create a lasting impact for local families for generations to come.\" \/>\n<meta property=\"og:url\" content=\"https:\/\/avance-ntx.org\/es\/programs\/pcep\/\" \/>\n<meta property=\"og:site_name\" content=\"AVANCE Dallas\" \/>\n<meta property=\"article:publisher\" content=\"https:\/\/www.facebook.com\/AVANCEinc\/\" \/>\n<meta property=\"article:modified_time\" content=\"2026-04-08T18:27:49+00:00\" \/>\n<meta property=\"og:image\" content=\"https:\/\/avance-ntx.org\/wp-content\/uploads\/2023\/10\/IMG_2609-scaled.jpg\" \/>\n\t<meta property=\"og:image:width\" content=\"2560\" \/>\n\t<meta property=\"og:image:height\" content=\"1834\" \/>\n\t<meta property=\"og:image:type\" content=\"image\/jpeg\" \/>\n<meta name=\"twitter:card\" content=\"summary_large_image\" \/>\n<meta name=\"twitter:title\" content=\"AVANCE Quality Child Care Matters Program\" \/>\n<meta name=\"twitter:image\" content=\"https:\/\/avance-ntx.org\/wp-content\/uploads\/2023\/10\/IMG_2609-scaled.jpg\" \/>\n<meta name=\"twitter:site\" content=\"@AVANCEinc\" \/>\n<meta name=\"twitter:label1\" content=\"Tiempo de lectura\" \/>\n\t<meta name=\"twitter:data1\" content=\"6 minutos\" \/>\n<script type=\"application\/ld+json\" class=\"yoast-schema-graph\">{\"@context\":\"https:\\\/\\\/schema.org\",\"@graph\":[{\"@type\":\"WebPage\",\"@id\":\"https:\\\/\\\/avance-ntx.org\\\/programs\\\/pcep\\\/\",\"url\":\"https:\\\/\\\/avance-ntx.org\\\/programs\\\/pcep\\\/\",\"name\":\"Parent-Child Education Program (PCEP) - AVANCE Dallas\",\"isPartOf\":{\"@id\":\"https:\\\/\\\/avance-ntx.org\\\/#website\"},\"primaryImageOfPage\":{\"@id\":\"https:\\\/\\\/avance-ntx.org\\\/programs\\\/pcep\\\/#primaryimage\"},\"image\":{\"@id\":\"https:\\\/\\\/avance-ntx.org\\\/programs\\\/pcep\\\/#primaryimage\"},\"thumbnailUrl\":\"https:\\\/\\\/avance-ntx.org\\\/wp-content\\\/uploads\\\/2024\\\/05\\\/PCEP-white-1024x342.png\",\"datePublished\":\"2024-05-09T16:46:50+00:00\",\"dateModified\":\"2026-04-08T18:27:49+00:00\",\"description\":\"Learn more about how to bring the AVANCE Parent-Child Education Program (PCEP) to your community to create a lasting impact for local families for generations to come.\",\"breadcrumb\":{\"@id\":\"https:\\\/\\\/avance-ntx.org\\\/programs\\\/pcep\\\/#breadcrumb\"},\"inLanguage\":\"es\",\"potentialAction\":[{\"@type\":\"ReadAction\",\"target\":[\"https:\\\/\\\/avance-ntx.org\\\/programs\\\/pcep\\\/\"]}]},{\"@type\":\"ImageObject\",\"inLanguage\":\"es\",\"@id\":\"https:\\\/\\\/avance-ntx.org\\\/programs\\\/pcep\\\/#primaryimage\",\"url\":\"https:\\\/\\\/avance-ntx.org\\\/wp-content\\\/uploads\\\/2024\\\/05\\\/PCEP-white-1024x342.png\",\"contentUrl\":\"https:\\\/\\\/avance-ntx.org\\\/wp-content\\\/uploads\\\/2024\\\/05\\\/PCEP-white-1024x342.png\"},{\"@type\":\"BreadcrumbList\",\"@id\":\"https:\\\/\\\/avance-ntx.org\\\/programs\\\/pcep\\\/#breadcrumb\",\"itemListElement\":[{\"@type\":\"ListItem\",\"position\":1,\"name\":\"Home\",\"item\":\"https:\\\/\\\/avance-ntx.org\\\/\"},{\"@type\":\"ListItem\",\"position\":2,\"name\":\"Programs\",\"item\":\"https:\\\/\\\/avance-ntx.org\\\/programs\\\/\"},{\"@type\":\"ListItem\",\"position\":3,\"name\":\"Parent-Child Education Program (PCEP)\"}]},{\"@type\":\"WebSite\",\"@id\":\"https:\\\/\\\/avance-ntx.org\\\/#website\",\"url\":\"https:\\\/\\\/avance-ntx.org\\\/\",\"name\":\"AVANCE Dallas\",\"description\":\"Unlocking America&#039;s Potential\",\"publisher\":{\"@id\":\"https:\\\/\\\/avance-ntx.org\\\/#organization\"},\"potentialAction\":[{\"@type\":\"SearchAction\",\"target\":{\"@type\":\"EntryPoint\",\"urlTemplate\":\"https:\\\/\\\/avance-ntx.org\\\/?s={search_term_string}\"},\"query-input\":{\"@type\":\"PropertyValueSpecification\",\"valueRequired\":true,\"valueName\":\"search_term_string\"}}],\"inLanguage\":\"es\"},{\"@type\":\"Organization\",\"@id\":\"https:\\\/\\\/avance-ntx.org\\\/#organization\",\"name\":\"AVANCE Dallas\",\"url\":\"https:\\\/\\\/avance-ntx.org\\\/\",\"logo\":{\"@type\":\"ImageObject\",\"inLanguage\":\"es\",\"@id\":\"https:\\\/\\\/avance-ntx.org\\\/#\\\/schema\\\/logo\\\/image\\\/\",\"url\":\"https:\\\/\\\/avance-ntx.org\\\/wp-content\\\/uploads\\\/2025\\\/08\\\/30th-NTX-Color-Horizontal.svg\",\"contentUrl\":\"https:\\\/\\\/avance-ntx.org\\\/wp-content\\\/uploads\\\/2025\\\/08\\\/30th-NTX-Color-Horizontal.svg\",\"caption\":\"AVANCE Dallas\"},\"image\":{\"@id\":\"https:\\\/\\\/avance-ntx.org\\\/#\\\/schema\\\/logo\\\/image\\\/\"},\"sameAs\":[\"https:\\\/\\\/www.facebook.com\\\/AVANCEinc\\\/\",\"https:\\\/\\\/x.com\\\/AVANCEinc\",\"https:\\\/\\\/www.instagram.com\\\/avance__inc\\\/\",\"https:\\\/\\\/www.linkedin.com\\\/company\\\/avance-inc\"]}]}<\/script>\n<!-- \/ Yoast SEO plugin. -->","yoast_head_json":{"title":"Parent-Child Education Program (PCEP) - AVANCE Dallas","description":"Learn more about how to bring the AVANCE Parent-Child Education Program (PCEP) to your community to create a lasting impact for local families for generations to come.","robots":{"index":"index","follow":"follow","max-snippet":"max-snippet:-1","max-image-preview":"max-image-preview:large","max-video-preview":"max-video-preview:-1"},"canonical":"https:\/\/avance-ntx.org\/es\/programs\/pcep\/","og_locale":"es_MX","og_type":"article","og_title":"AVANCE Quality Child Care Matters Program","og_description":"Learn more about how to bring the AVANCE Parent-Child Education Program (PCEP) to your community to create a lasting impact for local families for generations to come.","og_url":"https:\/\/avance-ntx.org\/es\/programs\/pcep\/","og_site_name":"AVANCE Dallas","article_publisher":"https:\/\/www.facebook.com\/AVANCEinc\/","article_modified_time":"2026-04-08T18:27:49+00:00","og_image":[{"width":2560,"height":1834,"url":"https:\/\/avance-ntx.org\/wp-content\/uploads\/2023\/10\/IMG_2609-scaled.jpg","type":"image\/jpeg"}],"twitter_card":"summary_large_image","twitter_title":"AVANCE Quality Child Care Matters Program","twitter_image":"https:\/\/avance-ntx.org\/wp-content\/uploads\/2023\/10\/IMG_2609-scaled.jpg","twitter_site":"@AVANCEinc","twitter_misc":{"Tiempo de lectura":"6 minutos"},"schema":{"@context":"https:\/\/schema.org","@graph":[{"@type":"WebPage","@id":"https:\/\/avance-ntx.org\/programs\/pcep\/","url":"https:\/\/avance-ntx.org\/programs\/pcep\/","name":"Parent-Child Education Program (PCEP) - AVANCE Dallas","isPartOf":{"@id":"https:\/\/avance-ntx.org\/#website"},"primaryImageOfPage":{"@id":"https:\/\/avance-ntx.org\/programs\/pcep\/#primaryimage"},"image":{"@id":"https:\/\/avance-ntx.org\/programs\/pcep\/#primaryimage"},"thumbnailUrl":"https:\/\/avance-ntx.org\/wp-content\/uploads\/2024\/05\/PCEP-white-1024x342.png","datePublished":"2024-05-09T16:46:50+00:00","dateModified":"2026-04-08T18:27:49+00:00","description":"Learn more about how to bring the AVANCE Parent-Child Education Program (PCEP) to your community to create a lasting impact for local families for generations to come.","breadcrumb":{"@id":"https:\/\/avance-ntx.org\/programs\/pcep\/#breadcrumb"},"inLanguage":"es","potentialAction":[{"@type":"ReadAction","target":["https:\/\/avance-ntx.org\/programs\/pcep\/"]}]},{"@type":"ImageObject","inLanguage":"es","@id":"https:\/\/avance-ntx.org\/programs\/pcep\/#primaryimage","url":"https:\/\/avance-ntx.org\/wp-content\/uploads\/2024\/05\/PCEP-white-1024x342.png","contentUrl":"https:\/\/avance-ntx.org\/wp-content\/uploads\/2024\/05\/PCEP-white-1024x342.png"},{"@type":"BreadcrumbList","@id":"https:\/\/avance-ntx.org\/programs\/pcep\/#breadcrumb","itemListElement":[{"@type":"ListItem","position":1,"name":"Home","item":"https:\/\/avance-ntx.org\/"},{"@type":"ListItem","position":2,"name":"Programs","item":"https:\/\/avance-ntx.org\/programs\/"},{"@type":"ListItem","position":3,"name":"Parent-Child Education Program (PCEP)"}]},{"@type":"WebSite","@id":"https:\/\/avance-ntx.org\/#website","url":"https:\/\/avance-ntx.org\/","name":"AVANCE Dallas","description":"Unlocking America&#039;s Potential","publisher":{"@id":"https:\/\/avance-ntx.org\/#organization"},"potentialAction":[{"@type":"SearchAction","target":{"@type":"EntryPoint","urlTemplate":"https:\/\/avance-ntx.org\/?s={search_term_string}"},"query-input":{"@type":"PropertyValueSpecification","valueRequired":true,"valueName":"search_term_string"}}],"inLanguage":"es"},{"@type":"Organization","@id":"https:\/\/avance-ntx.org\/#organization","name":"AVANCE Dallas","url":"https:\/\/avance-ntx.org\/","logo":{"@type":"ImageObject","inLanguage":"es","@id":"https:\/\/avance-ntx.org\/#\/schema\/logo\/image\/","url":"https:\/\/avance-ntx.org\/wp-content\/uploads\/2025\/08\/30th-NTX-Color-Horizontal.svg","contentUrl":"https:\/\/avance-ntx.org\/wp-content\/uploads\/2025\/08\/30th-NTX-Color-Horizontal.svg","caption":"AVANCE Dallas"},"image":{"@id":"https:\/\/avance-ntx.org\/#\/schema\/logo\/image\/"},"sameAs":["https:\/\/www.facebook.com\/AVANCEinc\/","https:\/\/x.com\/AVANCEinc","https:\/\/www.instagram.com\/avance__inc\/","https:\/\/www.linkedin.com\/company\/avance-inc"]}]}},"post_mailing_queue_ids":[],"_links":{"self":[{"href":"https:\/\/avance-ntx.org\/es\/wp-json\/wp\/v2\/pages\/5556","targetHints":{"allow":["GET"]}}],"collection":[{"href":"https:\/\/avance-ntx.org\/es\/wp-json\/wp\/v2\/pages"}],"about":[{"href":"https:\/\/avance-ntx.org\/es\/wp-json\/wp\/v2\/types\/page"}],"author":[{"embeddable":true,"href":"https:\/\/avance-ntx.org\/es\/wp-json\/wp\/v2\/users\/20"}],"replies":[{"embeddable":true,"href":"https:\/\/avance-ntx.org\/es\/wp-json\/wp\/v2\/comments?post=5556"}],"version-history":[{"count":10,"href":"https:\/\/avance-ntx.org\/es\/wp-json\/wp\/v2\/pages\/5556\/revisions"}],"predecessor-version":[{"id":6753,"href":"https:\/\/avance-ntx.org\/es\/wp-json\/wp\/v2\/pages\/5556\/revisions\/6753"}],"up":[{"embeddable":true,"href":"https:\/\/avance-ntx.org\/es\/wp-json\/wp\/v2\/pages\/165"}],"wp:attachment":[{"href":"https:\/\/avance-ntx.org\/es\/wp-json\/wp\/v2\/media?parent=5556"}],"curies":[{"name":"wp","href":"https:\/\/api.w.org\/{rel}","templated":true}]}}