{"id":329,"date":"2022-03-09T22:49:40","date_gmt":"2022-03-09T22:49:40","guid":{"rendered":"https:\/\/ct-host.net\/avance998\/?page_id=329"},"modified":"2025-11-03T15:02:16","modified_gmt":"2025-11-03T20:02:16","slug":"donate","status":"publish","type":"page","link":"https:\/\/avance-ntx.org\/es\/contact\/donate\/","title":{"rendered":"\u00a1Dona hoy!"},"content":{"rendered":"<h2>\u00a1Dona hoy!<\/h2>\n\t<p class=\"translation-block\"><span style=\"font-size: 18px\">Las inversiones en programas para la primera infancia pueden tener grandes ganancias seg\u00fan <a href=\"https:\/\/www.impact.upenn.edu\/early-childhood-toolkit\/why-invest\/what-is-the-return-on-investment\/\" target=\"_self\">Penn Social Policy and Practice de la Universidad de Pensilvania<\/a>. Citan un estudio realizado por el\u00a0<a href=\"https:\/\/developingchild.harvard.edu\/activities\/forum\/\" target=\"_self\"> Foro Nacional sobre Pol\u00edticas y Programas de la Primera Infancia <\/a> que encontr\u00f3 que los programas de alta calidad para la primera infancia pueden generar un retorno de $4 a $9 d\u00f3lares por cada $1 invertido y un estudio de 2009 de un programa preescolar de alta calidad que estim\u00f3 un retorno a la sociedad de entre\n$7 y $12 por cada $1 invertido. <\/span><\/p>\n\t<p><strong>\u00a1USTED tambi\u00e9n puede ser parte de la historia de AVANCE!<\/strong> Estamos profundamente agradecidos por el apoyo de nuestra comunidad AVANCE, incluyendo a cada donante y financiador, cuyo apoyo generoso hace posible nuestro trabajo. Cada d\u00f3lar nos acerca a hacer realidad nuestra visi\u00f3n y es una inversi\u00f3n en nuestro trabajo y en las familias a las que servimos.\u00a0<\/p>\n<p>&nbsp;<\/p>\n<p>Para realizar una donaci\u00f3n con cheque, usted puede hacerlo nombre de <strong>AVANCE-North Texas<\/strong> y eviarlo por correo a:<\/p>\n<p>&nbsp;<\/p>\n<strong>AVANCE-North Texas <\/strong><br \/>\n<strong>2060 Singleton Blvd #103<\/strong><br \/>\n<strong>Dallas, TX 75212<\/strong>\n<p>&nbsp;<\/p>\nPara hacer su donaci\u00f3n en l\u00ednea, puede usar el<br \/>\nbot\u00f3n a continuaci\u00f3n.\n\t\t\t<a href=\"https:\/\/interland3.donorperfect.net\/weblink\/weblink.aspx?name=E347639&#038;id=2\" target=\"_blank\" rel=\"noopener\">\n\t\t\t\t\t\t\u00a1AP\u00d3YENOS!\n\t\t\t\t\t<\/a>","protected":false},"excerpt":{"rendered":"<p>Donate Investments in early childhood programs can have large returns according to Penn Social Policy and Practice at the University of Pennsylvania. They cite a study by the\u00a0National Forum on Early Childhood Policy and Programs that found high quality early childhood programs can yield a $4 &#8211; $9 dollar return per $1 invested and a &#8230; <a title=\"\u00a1Dona hoy!\" class=\"read-more\" href=\"https:\/\/avance-ntx.org\/es\/contact\/donate\/\" aria-label=\"Leer m\u00e1s sobre Donate\">Leer m\u00e1s<\/a><\/p>","protected":false},"author":1,"featured_media":0,"parent":173,"menu_order":5,"comment_status":"closed","ping_status":"closed","template":"","meta":{"inline_featured_image":false,"_vp_format_video_url":"","_vp_image_focal_point":[],"footnotes":""},"class_list":["post-329","page","type-page","status-publish"],"yoast_head":"<!-- This site is optimized with the Yoast SEO plugin v27.3 - https:\/\/yoast.com\/product\/yoast-seo-wordpress\/ -->\n<title>Donate - AVANCE Dallas<\/title>\n<meta name=\"robots\" content=\"index, follow, max-snippet:-1, max-image-preview:large, max-video-preview:-1\" \/>\n<link rel=\"canonical\" href=\"https:\/\/avance-ntx.org\/es\/contact\/donate\/\" \/>\n<meta property=\"og:locale\" content=\"es_MX\" \/>\n<meta property=\"og:type\" content=\"article\" \/>\n<meta property=\"og:title\" content=\"Donate - AVANCE Dallas\" \/>\n<meta property=\"og:description\" content=\"Donate Investments in early childhood programs can have large returns according to Penn Social Policy and Practice at the University of Pennsylvania. They cite a study by the\u00a0National Forum on Early Childhood Policy and Programs that found high quality early childhood programs can yield a $4 &#8211; $9 dollar return per $1 invested and a ... Leer m\u00e1s\" \/>\n<meta property=\"og:url\" content=\"https:\/\/avance-ntx.org\/es\/contact\/donate\/\" \/>\n<meta property=\"og:site_name\" content=\"AVANCE Dallas\" \/>\n<meta property=\"article:publisher\" content=\"https:\/\/www.facebook.com\/AVANCEinc\/\" \/>\n<meta property=\"article:modified_time\" content=\"2025-11-03T20:02:16+00:00\" \/>\n<meta name=\"twitter:card\" content=\"summary_large_image\" \/>\n<meta name=\"twitter:site\" content=\"@AVANCEinc\" \/>\n<meta name=\"twitter:label1\" content=\"Tiempo de lectura\" \/>\n\t<meta name=\"twitter:data1\" content=\"1 minuto\" \/>\n<script type=\"application\/ld+json\" class=\"yoast-schema-graph\">{\"@context\":\"https:\\\/\\\/schema.org\",\"@graph\":[{\"@type\":\"WebPage\",\"@id\":\"https:\\\/\\\/avance-ntx.org\\\/contact\\\/donate\\\/\",\"url\":\"https:\\\/\\\/avance-ntx.org\\\/contact\\\/donate\\\/\",\"name\":\"Donate - AVANCE Dallas\",\"isPartOf\":{\"@id\":\"https:\\\/\\\/avance-ntx.org\\\/#website\"},\"datePublished\":\"2022-03-09T22:49:40+00:00\",\"dateModified\":\"2025-11-03T20:02:16+00:00\",\"breadcrumb\":{\"@id\":\"https:\\\/\\\/avance-ntx.org\\\/contact\\\/donate\\\/#breadcrumb\"},\"inLanguage\":\"es\",\"potentialAction\":[{\"@type\":\"ReadAction\",\"target\":[\"https:\\\/\\\/avance-ntx.org\\\/contact\\\/donate\\\/\"]}]},{\"@type\":\"BreadcrumbList\",\"@id\":\"https:\\\/\\\/avance-ntx.org\\\/contact\\\/donate\\\/#breadcrumb\",\"itemListElement\":[{\"@type\":\"ListItem\",\"position\":1,\"name\":\"Home\",\"item\":\"https:\\\/\\\/avance-ntx.org\\\/\"},{\"@type\":\"ListItem\",\"position\":2,\"name\":\"Contact us\",\"item\":\"https:\\\/\\\/avance-ntx.org\\\/contact\\\/\"},{\"@type\":\"ListItem\",\"position\":3,\"name\":\"Donate\"}]},{\"@type\":\"WebSite\",\"@id\":\"https:\\\/\\\/avance-ntx.org\\\/#website\",\"url\":\"https:\\\/\\\/avance-ntx.org\\\/\",\"name\":\"AVANCE Dallas\",\"description\":\"Unlocking America&#039;s Potential\",\"publisher\":{\"@id\":\"https:\\\/\\\/avance-ntx.org\\\/#organization\"},\"potentialAction\":[{\"@type\":\"SearchAction\",\"target\":{\"@type\":\"EntryPoint\",\"urlTemplate\":\"https:\\\/\\\/avance-ntx.org\\\/?s={search_term_string}\"},\"query-input\":{\"@type\":\"PropertyValueSpecification\",\"valueRequired\":true,\"valueName\":\"search_term_string\"}}],\"inLanguage\":\"es\"},{\"@type\":\"Organization\",\"@id\":\"https:\\\/\\\/avance-ntx.org\\\/#organization\",\"name\":\"AVANCE Dallas\",\"url\":\"https:\\\/\\\/avance-ntx.org\\\/\",\"logo\":{\"@type\":\"ImageObject\",\"inLanguage\":\"es\",\"@id\":\"https:\\\/\\\/avance-ntx.org\\\/#\\\/schema\\\/logo\\\/image\\\/\",\"url\":\"https:\\\/\\\/avance-ntx.org\\\/wp-content\\\/uploads\\\/2025\\\/08\\\/30th-NTX-Color-Horizontal.svg\",\"contentUrl\":\"https:\\\/\\\/avance-ntx.org\\\/wp-content\\\/uploads\\\/2025\\\/08\\\/30th-NTX-Color-Horizontal.svg\",\"caption\":\"AVANCE Dallas\"},\"image\":{\"@id\":\"https:\\\/\\\/avance-ntx.org\\\/#\\\/schema\\\/logo\\\/image\\\/\"},\"sameAs\":[\"https:\\\/\\\/www.facebook.com\\\/AVANCEinc\\\/\",\"https:\\\/\\\/x.com\\\/AVANCEinc\",\"https:\\\/\\\/www.instagram.com\\\/avance__inc\\\/\",\"https:\\\/\\\/www.linkedin.com\\\/company\\\/avance-inc\"]}]}<\/script>\n<!-- \/ Yoast SEO plugin. -->","yoast_head_json":{"title":"Donate - AVANCE Dallas","robots":{"index":"index","follow":"follow","max-snippet":"max-snippet:-1","max-image-preview":"max-image-preview:large","max-video-preview":"max-video-preview:-1"},"canonical":"https:\/\/avance-ntx.org\/es\/contact\/donate\/","og_locale":"es_MX","og_type":"article","og_title":"Donate - AVANCE Dallas","og_description":"Donate Investments in early childhood programs can have large returns according to Penn Social Policy and Practice at the University of Pennsylvania. They cite a study by the\u00a0National Forum on Early Childhood Policy and Programs that found high quality early childhood programs can yield a $4 &#8211; $9 dollar return per $1 invested and a ... Leer m\u00e1s","og_url":"https:\/\/avance-ntx.org\/es\/contact\/donate\/","og_site_name":"AVANCE Dallas","article_publisher":"https:\/\/www.facebook.com\/AVANCEinc\/","article_modified_time":"2025-11-03T20:02:16+00:00","twitter_card":"summary_large_image","twitter_site":"@AVANCEinc","twitter_misc":{"Tiempo de lectura":"1 minuto"},"schema":{"@context":"https:\/\/schema.org","@graph":[{"@type":"WebPage","@id":"https:\/\/avance-ntx.org\/contact\/donate\/","url":"https:\/\/avance-ntx.org\/contact\/donate\/","name":"Donate - AVANCE Dallas","isPartOf":{"@id":"https:\/\/avance-ntx.org\/#website"},"datePublished":"2022-03-09T22:49:40+00:00","dateModified":"2025-11-03T20:02:16+00:00","breadcrumb":{"@id":"https:\/\/avance-ntx.org\/contact\/donate\/#breadcrumb"},"inLanguage":"es","potentialAction":[{"@type":"ReadAction","target":["https:\/\/avance-ntx.org\/contact\/donate\/"]}]},{"@type":"BreadcrumbList","@id":"https:\/\/avance-ntx.org\/contact\/donate\/#breadcrumb","itemListElement":[{"@type":"ListItem","position":1,"name":"Home","item":"https:\/\/avance-ntx.org\/"},{"@type":"ListItem","position":2,"name":"Contact us","item":"https:\/\/avance-ntx.org\/contact\/"},{"@type":"ListItem","position":3,"name":"Donate"}]},{"@type":"WebSite","@id":"https:\/\/avance-ntx.org\/#website","url":"https:\/\/avance-ntx.org\/","name":"AVANCE Dallas","description":"Unlocking America&#039;s Potential","publisher":{"@id":"https:\/\/avance-ntx.org\/#organization"},"potentialAction":[{"@type":"SearchAction","target":{"@type":"EntryPoint","urlTemplate":"https:\/\/avance-ntx.org\/?s={search_term_string}"},"query-input":{"@type":"PropertyValueSpecification","valueRequired":true,"valueName":"search_term_string"}}],"inLanguage":"es"},{"@type":"Organization","@id":"https:\/\/avance-ntx.org\/#organization","name":"AVANCE Dallas","url":"https:\/\/avance-ntx.org\/","logo":{"@type":"ImageObject","inLanguage":"es","@id":"https:\/\/avance-ntx.org\/#\/schema\/logo\/image\/","url":"https:\/\/avance-ntx.org\/wp-content\/uploads\/2025\/08\/30th-NTX-Color-Horizontal.svg","contentUrl":"https:\/\/avance-ntx.org\/wp-content\/uploads\/2025\/08\/30th-NTX-Color-Horizontal.svg","caption":"AVANCE Dallas"},"image":{"@id":"https:\/\/avance-ntx.org\/#\/schema\/logo\/image\/"},"sameAs":["https:\/\/www.facebook.com\/AVANCEinc\/","https:\/\/x.com\/AVANCEinc","https:\/\/www.instagram.com\/avance__inc\/","https:\/\/www.linkedin.com\/company\/avance-inc"]}]}},"post_mailing_queue_ids":[],"_links":{"self":[{"href":"https:\/\/avance-ntx.org\/es\/wp-json\/wp\/v2\/pages\/329","targetHints":{"allow":["GET"]}}],"collection":[{"href":"https:\/\/avance-ntx.org\/es\/wp-json\/wp\/v2\/pages"}],"about":[{"href":"https:\/\/avance-ntx.org\/es\/wp-json\/wp\/v2\/types\/page"}],"author":[{"embeddable":true,"href":"https:\/\/avance-ntx.org\/es\/wp-json\/wp\/v2\/users\/1"}],"replies":[{"embeddable":true,"href":"https:\/\/avance-ntx.org\/es\/wp-json\/wp\/v2\/comments?post=329"}],"version-history":[{"count":10,"href":"https:\/\/avance-ntx.org\/es\/wp-json\/wp\/v2\/pages\/329\/revisions"}],"predecessor-version":[{"id":6045,"href":"https:\/\/avance-ntx.org\/es\/wp-json\/wp\/v2\/pages\/329\/revisions\/6045"}],"up":[{"embeddable":true,"href":"https:\/\/avance-ntx.org\/es\/wp-json\/wp\/v2\/pages\/173"}],"wp:attachment":[{"href":"https:\/\/avance-ntx.org\/es\/wp-json\/wp\/v2\/media?parent=329"}],"curies":[{"name":"wp","href":"https:\/\/api.w.org\/{rel}","templated":true}]}}