{"id":1843,"date":"2022-07-12T16:08:39","date_gmt":"2022-07-12T16:08:25","guid":{"rendered":"https:\/\/ct-host.net\/avance998\/?page_id=1843"},"modified":"2024-08-01T11:38:37","modified_gmt":"2024-08-01T16:38:37","slug":"impact","status":"publish","type":"page","link":"https:\/\/avance-ntx.org\/es\/about-us\/impact\/","title":{"rendered":"Impacto"},"content":{"rendered":"<h2>\n\t\tImpacto\n\t<\/h2>\n\t<p>Desde 1996, AVANCE ha servido a m\u00e1s de 50,000 ni\u00f1os y cuidadores en el norte de Texas.<\/p>\n<h2>\n\t\tA Qui\u00e9n Hemos Servido el 2022-2023\n\t<\/h2>\n\t\t\t\t<img loading=\"lazy\" decoding=\"async\" src=\"https:\/\/avance-ntx.org\/wp-content\/uploads\/2022\/11\/Icon-Parents.png\" alt=\"Icon Parents\" itemprop=\"image\" height=\"872\" width=\"912\" title=\"Icon Parents\" onerror=\"this.style.display='none'\"  \/>\n<h2>\n\t\t444\n\t<\/h2>\n\t<p><strong>Cuidadores<\/strong><\/p>\n\t\t\t\t<img loading=\"lazy\" decoding=\"async\" src=\"https:\/\/avance-ntx.org\/wp-content\/uploads\/2022\/11\/Children-Icon.png\" alt=\"Children Icon\" itemprop=\"image\" height=\"872\" width=\"912\" title=\"Children Icon\" onerror=\"this.style.display='none'\"  \/>\n<h2>\n\t\t526\n\t<\/h2>\n\t<p><strong>Ni\u00f1os<\/strong><\/p>\n\t\t\t\t<img loading=\"lazy\" decoding=\"async\" src=\"https:\/\/avance-ntx.org\/wp-content\/uploads\/2022\/11\/Latino-Families.png\" alt=\"Latino Families\" itemprop=\"image\" height=\"872\" width=\"912\" title=\"Latino Families\" onerror=\"this.style.display='none'\"  \/>\n<h2>\n\t\t100%\n\t<\/h2>\n\t<p><strong>Comunidad Latina \/ Hispana<\/strong><\/p>\n<h2>\n\t\tImpacto de PCEP\n\t<\/h2>\n<h2>\n\t\t80%\n\t<\/h2>\n<p>demonstrated an increase in positive parent-child interactions<\/p>\n<h2>\n\t\t61%\n\t<\/h2>\n\t<p>demostr\u00f3 un aumento en Empoderamiento Parental<\/p>\n<h2>\n\t\t59%\n\t<\/h2>\n\t<p>demostr\u00f3 un aumento en Conexi\u00f3n Social<\/p>\n<h2>\n\t\t71%\n\t<\/h2>\n\t<p>demonstrated an increase in knowledge oftheir child&#8217;s development and school readiness<\/p>\n<h2>\n\t\tLos cuidadores en PCEP tambi\u00e9n experimentaron un aumento en la inscripci\u00f3n en programas de capacitaci\u00f3n laboral y educativa, as\u00ed como en el empleo a tiempo completo y parcial. Despu\u00e9s del programa, el 79% expres\u00f3 inter\u00e9s en buscar empleo y\/o continuar su educaci\u00f3n.\n\t<\/h2>\n<h2>\n\t\tImpacto de H.O.P.E.S.\n\t<\/h2>\n\t\t\t\t<img loading=\"lazy\" decoding=\"async\" src=\"https:\/\/avance-ntx.org\/wp-content\/uploads\/2024\/06\/families.png\" alt=\"families\" itemprop=\"image\" height=\"72\" width=\"89\" title=\"families\" onerror=\"this.style.display='none'\"  \/>\n<h2>\n\t\t123\n\t<\/h2>\n\t<p><strong>Familias<\/strong><\/p>\n\t\t\t\t<img loading=\"lazy\" decoding=\"async\" src=\"https:\/\/avance-ntx.org\/wp-content\/uploads\/2024\/06\/pregnant.png\" alt=\"pregnant\" itemprop=\"image\" height=\"85\" width=\"34\" title=\"pregnant\" onerror=\"this.style.display='none'\"  \/>\n<h2>\n\t\t18\n\t<\/h2>\n\t<p><strong>Adolescentes embarazadas<\/strong><\/p>\n\t\t\t\t<img loading=\"lazy\" decoding=\"async\" src=\"https:\/\/avance-ntx.org\/wp-content\/uploads\/2024\/06\/resources.png\" alt=\"resources\" itemprop=\"image\" height=\"95\" width=\"95\" title=\"resources\" onerror=\"this.style.display='none'\"  \/>\n<h2>\n\t\t8,141\n\t<\/h2>\n\t<p><strong>Recursos compartidos<\/strong><\/p>\n\t\t\t\t<img loading=\"lazy\" decoding=\"async\" src=\"https:\/\/avance-ntx.org\/wp-content\/uploads\/2024\/06\/heart.png\" alt=\"heart\" itemprop=\"image\" height=\"76\" width=\"84\" title=\"heart\" onerror=\"this.style.display='none'\"  \/>\n<h2>\n\t\t19\n\t<\/h2>\n\t<p><strong>Familias referidas a servicios de salud mental<\/strong><\/p>\n\t<h4>Since 2016, we have reached <strong>809 familias<\/strong> a trav\u00e9s del programa H.O.P.E.S.\u00a0<\/h4>\n\t<h2>What people say about us.<\/h2>\n\t<p>&#8220;AVANCE is the difference between before and now. It has given me the tools to better understand my daughter&#8217;s needs and it showed me how to be a better mother.&#8221;\u00a0<\/p>\n\t<p>Maribel Bautista<\/p>\n\t<p>Graduada de PCEP (AVANCE-Norte de Texas)<\/p>\n\t<h2>Evidencia e Investigaci\u00f3n<\/h2>\n\t<p>En los \u00faltimos 30 a\u00f1os, se han realizado varios estudios sobre la efectividad de la programaci\u00f3n de AVANCE. Los resultados demuestran que nuestro Programa de Educaci\u00f3n Padres e Hijos (PCEP) aumenta el conocimiento parental, mejora las interacciones entre padres e hijos, aumenta el empoderamiento de los padres y promueve la conexi\u00f3n social. Los estudios tambi\u00e9n han encontrado que PCEP promueve resultados acad\u00e9micos muy positivos para los ni\u00f1os, incluyendo un mayor nivel de preparaci\u00f3n escolar y una mejor asistencia.<\/p>","protected":false},"excerpt":{"rendered":"<p>Impact Since 1996, AVANCE has served more than 50,000 children and caregivers in North Texas. Who We Served in 2022-2023 444 Caregivers 526 Children 100% Latino \/ Hispanic PCEP Impact 80% demonstrated an increase in positive parent-child interactions 61% demonstrated an increase in Parent Empowerment 59% demonstrated an increase in Social Connectedness 71% demonstrated an &#8230; <a title=\"Impacto\" class=\"read-more\" href=\"https:\/\/avance-ntx.org\/es\/about-us\/impact\/\" aria-label=\"Leer m\u00e1s sobre Impact\">Leer m\u00e1s<\/a><\/p>","protected":false},"author":1,"featured_media":0,"parent":163,"menu_order":6,"comment_status":"closed","ping_status":"closed","template":"","meta":{"inline_featured_image":false,"_vp_format_video_url":"","_vp_image_focal_point":[],"footnotes":""},"class_list":["post-1843","page","type-page","status-publish"],"yoast_head":"<!-- This site is optimized with the Yoast SEO plugin v27.4 - https:\/\/yoast.com\/product\/yoast-seo-wordpress\/ -->\n<title>Impact - AVANCE Dallas<\/title>\n<meta name=\"robots\" content=\"index, follow, max-snippet:-1, max-image-preview:large, max-video-preview:-1\" \/>\n<link rel=\"canonical\" href=\"https:\/\/avance-ntx.org\/es\/about-us\/impact\/\" \/>\n<meta property=\"og:locale\" content=\"es_MX\" \/>\n<meta property=\"og:type\" content=\"article\" \/>\n<meta property=\"og:title\" content=\"Impact - AVANCE Dallas\" \/>\n<meta property=\"og:description\" content=\"Impact Since 1996, AVANCE has served more than 50,000 children and caregivers in North Texas. Who We Served in 2022-2023 444 Caregivers 526 Children 100% Latino \/ Hispanic PCEP Impact 80% demonstrated an increase in positive parent-child interactions 61% demonstrated an increase in Parent Empowerment 59% demonstrated an increase in Social Connectedness 71% demonstrated an ... Leer m\u00e1s\" \/>\n<meta property=\"og:url\" content=\"https:\/\/avance-ntx.org\/es\/about-us\/impact\/\" \/>\n<meta property=\"og:site_name\" content=\"AVANCE Dallas\" \/>\n<meta property=\"article:publisher\" content=\"https:\/\/www.facebook.com\/AVANCEinc\/\" \/>\n<meta property=\"article:modified_time\" content=\"2024-08-01T16:38:37+00:00\" \/>\n<meta property=\"og:image\" content=\"https:\/\/avance-ntx.org\/wp-content\/uploads\/2022\/11\/Icon-Parents.png\" \/>\n<meta name=\"twitter:card\" content=\"summary_large_image\" \/>\n<meta name=\"twitter:site\" content=\"@AVANCEinc\" \/>\n<meta name=\"twitter:label1\" content=\"Tiempo de lectura\" \/>\n\t<meta name=\"twitter:data1\" content=\"3 minutos\" \/>\n<script type=\"application\/ld+json\" class=\"yoast-schema-graph\">{\"@context\":\"https:\\\/\\\/schema.org\",\"@graph\":[{\"@type\":\"WebPage\",\"@id\":\"https:\\\/\\\/avance-ntx.org\\\/about-us\\\/impact\\\/\",\"url\":\"https:\\\/\\\/avance-ntx.org\\\/about-us\\\/impact\\\/\",\"name\":\"Impact - AVANCE Dallas\",\"isPartOf\":{\"@id\":\"https:\\\/\\\/avance-ntx.org\\\/#website\"},\"primaryImageOfPage\":{\"@id\":\"https:\\\/\\\/avance-ntx.org\\\/about-us\\\/impact\\\/#primaryimage\"},\"image\":{\"@id\":\"https:\\\/\\\/avance-ntx.org\\\/about-us\\\/impact\\\/#primaryimage\"},\"thumbnailUrl\":\"https:\\\/\\\/avance-ntx.org\\\/wp-content\\\/uploads\\\/2022\\\/11\\\/Icon-Parents.png\",\"datePublished\":\"2022-07-12T16:08:25+00:00\",\"dateModified\":\"2024-08-01T16:38:37+00:00\",\"breadcrumb\":{\"@id\":\"https:\\\/\\\/avance-ntx.org\\\/about-us\\\/impact\\\/#breadcrumb\"},\"inLanguage\":\"es\",\"potentialAction\":[{\"@type\":\"ReadAction\",\"target\":[\"https:\\\/\\\/avance-ntx.org\\\/about-us\\\/impact\\\/\"]}]},{\"@type\":\"ImageObject\",\"inLanguage\":\"es\",\"@id\":\"https:\\\/\\\/avance-ntx.org\\\/about-us\\\/impact\\\/#primaryimage\",\"url\":\"https:\\\/\\\/avance-ntx.org\\\/wp-content\\\/uploads\\\/2022\\\/11\\\/Icon-Parents.png\",\"contentUrl\":\"https:\\\/\\\/avance-ntx.org\\\/wp-content\\\/uploads\\\/2022\\\/11\\\/Icon-Parents.png\"},{\"@type\":\"BreadcrumbList\",\"@id\":\"https:\\\/\\\/avance-ntx.org\\\/about-us\\\/impact\\\/#breadcrumb\",\"itemListElement\":[{\"@type\":\"ListItem\",\"position\":1,\"name\":\"Home\",\"item\":\"https:\\\/\\\/avance-ntx.org\\\/\"},{\"@type\":\"ListItem\",\"position\":2,\"name\":\"About us\",\"item\":\"https:\\\/\\\/avance-ntx.org\\\/about-us\\\/\"},{\"@type\":\"ListItem\",\"position\":3,\"name\":\"Impact\"}]},{\"@type\":\"WebSite\",\"@id\":\"https:\\\/\\\/avance-ntx.org\\\/#website\",\"url\":\"https:\\\/\\\/avance-ntx.org\\\/\",\"name\":\"AVANCE Dallas\",\"description\":\"Unlocking America&#039;s Potential\",\"publisher\":{\"@id\":\"https:\\\/\\\/avance-ntx.org\\\/#organization\"},\"potentialAction\":[{\"@type\":\"SearchAction\",\"target\":{\"@type\":\"EntryPoint\",\"urlTemplate\":\"https:\\\/\\\/avance-ntx.org\\\/?s={search_term_string}\"},\"query-input\":{\"@type\":\"PropertyValueSpecification\",\"valueRequired\":true,\"valueName\":\"search_term_string\"}}],\"inLanguage\":\"es\"},{\"@type\":\"Organization\",\"@id\":\"https:\\\/\\\/avance-ntx.org\\\/#organization\",\"name\":\"AVANCE Dallas\",\"url\":\"https:\\\/\\\/avance-ntx.org\\\/\",\"logo\":{\"@type\":\"ImageObject\",\"inLanguage\":\"es\",\"@id\":\"https:\\\/\\\/avance-ntx.org\\\/#\\\/schema\\\/logo\\\/image\\\/\",\"url\":\"https:\\\/\\\/avance-ntx.org\\\/wp-content\\\/uploads\\\/2025\\\/08\\\/30th-NTX-Color-Horizontal.svg\",\"contentUrl\":\"https:\\\/\\\/avance-ntx.org\\\/wp-content\\\/uploads\\\/2025\\\/08\\\/30th-NTX-Color-Horizontal.svg\",\"caption\":\"AVANCE Dallas\"},\"image\":{\"@id\":\"https:\\\/\\\/avance-ntx.org\\\/#\\\/schema\\\/logo\\\/image\\\/\"},\"sameAs\":[\"https:\\\/\\\/www.facebook.com\\\/AVANCEinc\\\/\",\"https:\\\/\\\/x.com\\\/AVANCEinc\",\"https:\\\/\\\/www.instagram.com\\\/avance__inc\\\/\",\"https:\\\/\\\/www.linkedin.com\\\/company\\\/avance-inc\"]}]}<\/script>\n<!-- \/ Yoast SEO plugin. -->","yoast_head_json":{"title":"Impact - AVANCE Dallas","robots":{"index":"index","follow":"follow","max-snippet":"max-snippet:-1","max-image-preview":"max-image-preview:large","max-video-preview":"max-video-preview:-1"},"canonical":"https:\/\/avance-ntx.org\/es\/about-us\/impact\/","og_locale":"es_MX","og_type":"article","og_title":"Impact - AVANCE Dallas","og_description":"Impact Since 1996, AVANCE has served more than 50,000 children and caregivers in North Texas. Who We Served in 2022-2023 444 Caregivers 526 Children 100% Latino \/ Hispanic PCEP Impact 80% demonstrated an increase in positive parent-child interactions 61% demonstrated an increase in Parent Empowerment 59% demonstrated an increase in Social Connectedness 71% demonstrated an ... Leer m\u00e1s","og_url":"https:\/\/avance-ntx.org\/es\/about-us\/impact\/","og_site_name":"AVANCE Dallas","article_publisher":"https:\/\/www.facebook.com\/AVANCEinc\/","article_modified_time":"2024-08-01T16:38:37+00:00","og_image":[{"url":"https:\/\/avance-ntx.org\/wp-content\/uploads\/2022\/11\/Icon-Parents.png","type":"","width":"","height":""}],"twitter_card":"summary_large_image","twitter_site":"@AVANCEinc","twitter_misc":{"Tiempo de lectura":"3 minutos"},"schema":{"@context":"https:\/\/schema.org","@graph":[{"@type":"WebPage","@id":"https:\/\/avance-ntx.org\/about-us\/impact\/","url":"https:\/\/avance-ntx.org\/about-us\/impact\/","name":"Impact - AVANCE Dallas","isPartOf":{"@id":"https:\/\/avance-ntx.org\/#website"},"primaryImageOfPage":{"@id":"https:\/\/avance-ntx.org\/about-us\/impact\/#primaryimage"},"image":{"@id":"https:\/\/avance-ntx.org\/about-us\/impact\/#primaryimage"},"thumbnailUrl":"https:\/\/avance-ntx.org\/wp-content\/uploads\/2022\/11\/Icon-Parents.png","datePublished":"2022-07-12T16:08:25+00:00","dateModified":"2024-08-01T16:38:37+00:00","breadcrumb":{"@id":"https:\/\/avance-ntx.org\/about-us\/impact\/#breadcrumb"},"inLanguage":"es","potentialAction":[{"@type":"ReadAction","target":["https:\/\/avance-ntx.org\/about-us\/impact\/"]}]},{"@type":"ImageObject","inLanguage":"es","@id":"https:\/\/avance-ntx.org\/about-us\/impact\/#primaryimage","url":"https:\/\/avance-ntx.org\/wp-content\/uploads\/2022\/11\/Icon-Parents.png","contentUrl":"https:\/\/avance-ntx.org\/wp-content\/uploads\/2022\/11\/Icon-Parents.png"},{"@type":"BreadcrumbList","@id":"https:\/\/avance-ntx.org\/about-us\/impact\/#breadcrumb","itemListElement":[{"@type":"ListItem","position":1,"name":"Home","item":"https:\/\/avance-ntx.org\/"},{"@type":"ListItem","position":2,"name":"About us","item":"https:\/\/avance-ntx.org\/about-us\/"},{"@type":"ListItem","position":3,"name":"Impact"}]},{"@type":"WebSite","@id":"https:\/\/avance-ntx.org\/#website","url":"https:\/\/avance-ntx.org\/","name":"AVANCE Dallas","description":"Unlocking America&#039;s Potential","publisher":{"@id":"https:\/\/avance-ntx.org\/#organization"},"potentialAction":[{"@type":"SearchAction","target":{"@type":"EntryPoint","urlTemplate":"https:\/\/avance-ntx.org\/?s={search_term_string}"},"query-input":{"@type":"PropertyValueSpecification","valueRequired":true,"valueName":"search_term_string"}}],"inLanguage":"es"},{"@type":"Organization","@id":"https:\/\/avance-ntx.org\/#organization","name":"AVANCE Dallas","url":"https:\/\/avance-ntx.org\/","logo":{"@type":"ImageObject","inLanguage":"es","@id":"https:\/\/avance-ntx.org\/#\/schema\/logo\/image\/","url":"https:\/\/avance-ntx.org\/wp-content\/uploads\/2025\/08\/30th-NTX-Color-Horizontal.svg","contentUrl":"https:\/\/avance-ntx.org\/wp-content\/uploads\/2025\/08\/30th-NTX-Color-Horizontal.svg","caption":"AVANCE Dallas"},"image":{"@id":"https:\/\/avance-ntx.org\/#\/schema\/logo\/image\/"},"sameAs":["https:\/\/www.facebook.com\/AVANCEinc\/","https:\/\/x.com\/AVANCEinc","https:\/\/www.instagram.com\/avance__inc\/","https:\/\/www.linkedin.com\/company\/avance-inc"]}]}},"post_mailing_queue_ids":[],"_links":{"self":[{"href":"https:\/\/avance-ntx.org\/es\/wp-json\/wp\/v2\/pages\/1843","targetHints":{"allow":["GET"]}}],"collection":[{"href":"https:\/\/avance-ntx.org\/es\/wp-json\/wp\/v2\/pages"}],"about":[{"href":"https:\/\/avance-ntx.org\/es\/wp-json\/wp\/v2\/types\/page"}],"author":[{"embeddable":true,"href":"https:\/\/avance-ntx.org\/es\/wp-json\/wp\/v2\/users\/1"}],"replies":[{"embeddable":true,"href":"https:\/\/avance-ntx.org\/es\/wp-json\/wp\/v2\/comments?post=1843"}],"version-history":[{"count":10,"href":"https:\/\/avance-ntx.org\/es\/wp-json\/wp\/v2\/pages\/1843\/revisions"}],"predecessor-version":[{"id":6330,"href":"https:\/\/avance-ntx.org\/es\/wp-json\/wp\/v2\/pages\/1843\/revisions\/6330"}],"up":[{"embeddable":true,"href":"https:\/\/avance-ntx.org\/es\/wp-json\/wp\/v2\/pages\/163"}],"wp:attachment":[{"href":"https:\/\/avance-ntx.org\/es\/wp-json\/wp\/v2\/media?parent=1843"}],"curies":[{"name":"wp","href":"https:\/\/api.w.org\/{rel}","templated":true}]}}