{"id":1714,"date":"2022-07-07T23:31:59","date_gmt":"2022-07-07T23:31:59","guid":{"rendered":"https:\/\/ct-host.net\/avance998\/?page_id=1714"},"modified":"2025-06-15T23:52:08","modified_gmt":"2025-06-16T04:52:08","slug":"employment","status":"publish","type":"page","link":"https:\/\/avance-ntx.org\/es\/contact\/employment\/","title":{"rendered":"Empleos"},"content":{"rendered":"<h2>\n\t\t\u00bfPor qu\u00e9 unirse a nuestro equipo?\n\t<\/h2>\n\t<p>23 vacaciones pagadas, incluyendo vacaciones de primavera y vacaciones de invierno en diciembre<\/p>\n<p>&nbsp;<\/p>\n<p>Paid time off &#8211; sick, bereavement, jury duty, time off to vote<\/p>\n<p>&nbsp;<\/p>\n<p>Licencia parental remunerada<\/p>\n\t<p>Planes m\u00e9dicos, dentales y de visi\u00f3n<\/p>\n<p>&nbsp;<\/p>\n<p>Plan m\u00e9dico b\u00e1sico 100% pagado para empleados<\/p>\n<p>&nbsp;<\/p>\n<p>Plan de jubilaci\u00f3n con igualaci\u00f3n de la empresa<\/p>\n\t<p>Oportunidades remotas disponibles<\/p>\n<p>&nbsp;<\/p>\n<p>Desarrollo profesional<\/p>\n<p>&nbsp;<\/p>\n<p>Reembolso de matr\u00edcula<\/p>\n\t<h2><strong>Ponte en contacto con <a href=\"mailto:hr@avance.org\">hr@avance.org<\/a> .<\/strong><\/h2>\n\t<iframe src=\"https:\/\/recruiting.paylocity.com\/recruiting\/jobs\/All\/1c5bad1a-f50d-4f65-911d-09b495279fa5\/AVANCE-North-Texas\"><\/iframe>\n\t<p>NO LLAMADAS TELEFONICAS POR FAVOR. Solo se contactar\u00e1 a los candidatos seleccionados. Debido al volumen de inter\u00e9s, no podemos responder a cada curr\u00edculum y no podemos proporcionar el estado actual. \n \nSolo lo contactaremos si se determina que es uno de los candidatos m\u00e1s calificados para el(los) puesto(s) seg\u00fan sus habilidades y experiencia.<\/p>\n<p>&nbsp;<\/p>\n<p>Positions remain open until filled. Applicants must have a valid driver&#8217;s license and pass background checks, a physical, and a drug screening.<\/p>\n<p>&nbsp;<\/p>\n<p>Todos los puestos son sensibles a la seguridad y est\u00e1n sujetos al C\u00f3digo de Educaci\u00f3n de Texas 51.215, que autoriza al empleador a obtener informaci\u00f3n de antecedentes penales.<\/p>\n<p>&nbsp;<\/p>\n<p>AVANCE es un empleador que ofrece igualdad de oportunidades. Todos los solicitantes calificados recibir\u00e1n consideraci\u00f3n para el empleo sin distinci\u00f3n de raza, color, religi\u00f3n, sexo, orientaci\u00f3n sexual, identidad de g\u00e9nero, origen nacional, discapacidad o condici\u00f3n de veterano protegido.<\/p>","protected":false},"excerpt":{"rendered":"<p>Why join our team? 23 Paid Holidays, including Spring Break and winter break in December &nbsp; Paid time off &#8211; sick, bereavement, jury duty, time off to vote &nbsp; Paid Parental Leave Medical, dental, vision plans &nbsp; 100% paid base medical plan for employees &nbsp; Retirement plan with company matching Remote opportunities available &nbsp; Professional &#8230; <a title=\"Empleos\" class=\"read-more\" href=\"https:\/\/avance-ntx.org\/es\/contact\/employment\/\" aria-label=\"Leer m\u00e1s sobre Careers\">Leer m\u00e1s<\/a><\/p>","protected":false},"author":1,"featured_media":0,"parent":173,"menu_order":0,"comment_status":"closed","ping_status":"closed","template":"","meta":{"inline_featured_image":false,"_vp_format_video_url":"","_vp_image_focal_point":[],"footnotes":""},"class_list":["post-1714","page","type-page","status-publish"],"yoast_head":"<!-- This site is optimized with the Yoast SEO plugin v27.3 - https:\/\/yoast.com\/product\/yoast-seo-wordpress\/ -->\n<title>Careers - AVANCE Dallas<\/title>\n<meta name=\"robots\" content=\"index, follow, max-snippet:-1, max-image-preview:large, max-video-preview:-1\" \/>\n<link rel=\"canonical\" href=\"https:\/\/avance-ntx.org\/es\/contact\/employment\/\" \/>\n<meta property=\"og:locale\" content=\"es_MX\" \/>\n<meta property=\"og:type\" content=\"article\" \/>\n<meta property=\"og:title\" content=\"Careers - AVANCE Dallas\" \/>\n<meta property=\"og:description\" content=\"Why join our team? 23 Paid Holidays, including Spring Break and winter break in December &nbsp; Paid time off &#8211; sick, bereavement, jury duty, time off to vote &nbsp; Paid Parental Leave Medical, dental, vision plans &nbsp; 100% paid base medical plan for employees &nbsp; Retirement plan with company matching Remote opportunities available &nbsp; Professional ... Leer m\u00e1s\" \/>\n<meta property=\"og:url\" content=\"https:\/\/avance-ntx.org\/es\/contact\/employment\/\" \/>\n<meta property=\"og:site_name\" content=\"AVANCE Dallas\" \/>\n<meta property=\"article:publisher\" content=\"https:\/\/www.facebook.com\/AVANCEinc\/\" \/>\n<meta property=\"article:modified_time\" content=\"2025-06-16T04:52:08+00:00\" \/>\n<meta name=\"twitter:card\" content=\"summary_large_image\" \/>\n<meta name=\"twitter:site\" content=\"@AVANCEinc\" \/>\n<meta name=\"twitter:label1\" content=\"Tiempo de lectura\" \/>\n\t<meta name=\"twitter:data1\" content=\"1 minuto\" \/>\n<script type=\"application\/ld+json\" class=\"yoast-schema-graph\">{\"@context\":\"https:\\\/\\\/schema.org\",\"@graph\":[{\"@type\":\"WebPage\",\"@id\":\"https:\\\/\\\/avance-ntx.org\\\/contact\\\/employment\\\/\",\"url\":\"https:\\\/\\\/avance-ntx.org\\\/contact\\\/employment\\\/\",\"name\":\"Careers - AVANCE Dallas\",\"isPartOf\":{\"@id\":\"https:\\\/\\\/avance-ntx.org\\\/#website\"},\"datePublished\":\"2022-07-07T23:31:59+00:00\",\"dateModified\":\"2025-06-16T04:52:08+00:00\",\"breadcrumb\":{\"@id\":\"https:\\\/\\\/avance-ntx.org\\\/contact\\\/employment\\\/#breadcrumb\"},\"inLanguage\":\"es\",\"potentialAction\":[{\"@type\":\"ReadAction\",\"target\":[\"https:\\\/\\\/avance-ntx.org\\\/contact\\\/employment\\\/\"]}]},{\"@type\":\"BreadcrumbList\",\"@id\":\"https:\\\/\\\/avance-ntx.org\\\/contact\\\/employment\\\/#breadcrumb\",\"itemListElement\":[{\"@type\":\"ListItem\",\"position\":1,\"name\":\"Home\",\"item\":\"https:\\\/\\\/avance-ntx.org\\\/\"},{\"@type\":\"ListItem\",\"position\":2,\"name\":\"Contact us\",\"item\":\"https:\\\/\\\/avance-ntx.org\\\/contact\\\/\"},{\"@type\":\"ListItem\",\"position\":3,\"name\":\"Careers\"}]},{\"@type\":\"WebSite\",\"@id\":\"https:\\\/\\\/avance-ntx.org\\\/#website\",\"url\":\"https:\\\/\\\/avance-ntx.org\\\/\",\"name\":\"AVANCE Dallas\",\"description\":\"Unlocking America&#039;s Potential\",\"publisher\":{\"@id\":\"https:\\\/\\\/avance-ntx.org\\\/#organization\"},\"potentialAction\":[{\"@type\":\"SearchAction\",\"target\":{\"@type\":\"EntryPoint\",\"urlTemplate\":\"https:\\\/\\\/avance-ntx.org\\\/?s={search_term_string}\"},\"query-input\":{\"@type\":\"PropertyValueSpecification\",\"valueRequired\":true,\"valueName\":\"search_term_string\"}}],\"inLanguage\":\"es\"},{\"@type\":\"Organization\",\"@id\":\"https:\\\/\\\/avance-ntx.org\\\/#organization\",\"name\":\"AVANCE Dallas\",\"url\":\"https:\\\/\\\/avance-ntx.org\\\/\",\"logo\":{\"@type\":\"ImageObject\",\"inLanguage\":\"es\",\"@id\":\"https:\\\/\\\/avance-ntx.org\\\/#\\\/schema\\\/logo\\\/image\\\/\",\"url\":\"https:\\\/\\\/avance-ntx.org\\\/wp-content\\\/uploads\\\/2025\\\/08\\\/30th-NTX-Color-Horizontal.svg\",\"contentUrl\":\"https:\\\/\\\/avance-ntx.org\\\/wp-content\\\/uploads\\\/2025\\\/08\\\/30th-NTX-Color-Horizontal.svg\",\"caption\":\"AVANCE Dallas\"},\"image\":{\"@id\":\"https:\\\/\\\/avance-ntx.org\\\/#\\\/schema\\\/logo\\\/image\\\/\"},\"sameAs\":[\"https:\\\/\\\/www.facebook.com\\\/AVANCEinc\\\/\",\"https:\\\/\\\/x.com\\\/AVANCEinc\",\"https:\\\/\\\/www.instagram.com\\\/avance__inc\\\/\",\"https:\\\/\\\/www.linkedin.com\\\/company\\\/avance-inc\"]}]}<\/script>\n<!-- \/ Yoast SEO plugin. -->","yoast_head_json":{"title":"Careers - AVANCE Dallas","robots":{"index":"index","follow":"follow","max-snippet":"max-snippet:-1","max-image-preview":"max-image-preview:large","max-video-preview":"max-video-preview:-1"},"canonical":"https:\/\/avance-ntx.org\/es\/contact\/employment\/","og_locale":"es_MX","og_type":"article","og_title":"Careers - AVANCE Dallas","og_description":"Why join our team? 23 Paid Holidays, including Spring Break and winter break in December &nbsp; Paid time off &#8211; sick, bereavement, jury duty, time off to vote &nbsp; Paid Parental Leave Medical, dental, vision plans &nbsp; 100% paid base medical plan for employees &nbsp; Retirement plan with company matching Remote opportunities available &nbsp; Professional ... Leer m\u00e1s","og_url":"https:\/\/avance-ntx.org\/es\/contact\/employment\/","og_site_name":"AVANCE Dallas","article_publisher":"https:\/\/www.facebook.com\/AVANCEinc\/","article_modified_time":"2025-06-16T04:52:08+00:00","twitter_card":"summary_large_image","twitter_site":"@AVANCEinc","twitter_misc":{"Tiempo de lectura":"1 minuto"},"schema":{"@context":"https:\/\/schema.org","@graph":[{"@type":"WebPage","@id":"https:\/\/avance-ntx.org\/contact\/employment\/","url":"https:\/\/avance-ntx.org\/contact\/employment\/","name":"Careers - AVANCE Dallas","isPartOf":{"@id":"https:\/\/avance-ntx.org\/#website"},"datePublished":"2022-07-07T23:31:59+00:00","dateModified":"2025-06-16T04:52:08+00:00","breadcrumb":{"@id":"https:\/\/avance-ntx.org\/contact\/employment\/#breadcrumb"},"inLanguage":"es","potentialAction":[{"@type":"ReadAction","target":["https:\/\/avance-ntx.org\/contact\/employment\/"]}]},{"@type":"BreadcrumbList","@id":"https:\/\/avance-ntx.org\/contact\/employment\/#breadcrumb","itemListElement":[{"@type":"ListItem","position":1,"name":"Home","item":"https:\/\/avance-ntx.org\/"},{"@type":"ListItem","position":2,"name":"Contact us","item":"https:\/\/avance-ntx.org\/contact\/"},{"@type":"ListItem","position":3,"name":"Careers"}]},{"@type":"WebSite","@id":"https:\/\/avance-ntx.org\/#website","url":"https:\/\/avance-ntx.org\/","name":"AVANCE Dallas","description":"Unlocking America&#039;s Potential","publisher":{"@id":"https:\/\/avance-ntx.org\/#organization"},"potentialAction":[{"@type":"SearchAction","target":{"@type":"EntryPoint","urlTemplate":"https:\/\/avance-ntx.org\/?s={search_term_string}"},"query-input":{"@type":"PropertyValueSpecification","valueRequired":true,"valueName":"search_term_string"}}],"inLanguage":"es"},{"@type":"Organization","@id":"https:\/\/avance-ntx.org\/#organization","name":"AVANCE Dallas","url":"https:\/\/avance-ntx.org\/","logo":{"@type":"ImageObject","inLanguage":"es","@id":"https:\/\/avance-ntx.org\/#\/schema\/logo\/image\/","url":"https:\/\/avance-ntx.org\/wp-content\/uploads\/2025\/08\/30th-NTX-Color-Horizontal.svg","contentUrl":"https:\/\/avance-ntx.org\/wp-content\/uploads\/2025\/08\/30th-NTX-Color-Horizontal.svg","caption":"AVANCE Dallas"},"image":{"@id":"https:\/\/avance-ntx.org\/#\/schema\/logo\/image\/"},"sameAs":["https:\/\/www.facebook.com\/AVANCEinc\/","https:\/\/x.com\/AVANCEinc","https:\/\/www.instagram.com\/avance__inc\/","https:\/\/www.linkedin.com\/company\/avance-inc"]}]}},"post_mailing_queue_ids":[],"_links":{"self":[{"href":"https:\/\/avance-ntx.org\/es\/wp-json\/wp\/v2\/pages\/1714","targetHints":{"allow":["GET"]}}],"collection":[{"href":"https:\/\/avance-ntx.org\/es\/wp-json\/wp\/v2\/pages"}],"about":[{"href":"https:\/\/avance-ntx.org\/es\/wp-json\/wp\/v2\/types\/page"}],"author":[{"embeddable":true,"href":"https:\/\/avance-ntx.org\/es\/wp-json\/wp\/v2\/users\/1"}],"replies":[{"embeddable":true,"href":"https:\/\/avance-ntx.org\/es\/wp-json\/wp\/v2\/comments?post=1714"}],"version-history":[{"count":10,"href":"https:\/\/avance-ntx.org\/es\/wp-json\/wp\/v2\/pages\/1714\/revisions"}],"predecessor-version":[{"id":6602,"href":"https:\/\/avance-ntx.org\/es\/wp-json\/wp\/v2\/pages\/1714\/revisions\/6602"}],"up":[{"embeddable":true,"href":"https:\/\/avance-ntx.org\/es\/wp-json\/wp\/v2\/pages\/173"}],"wp:attachment":[{"href":"https:\/\/avance-ntx.org\/es\/wp-json\/wp\/v2\/media?parent=1714"}],"curies":[{"name":"wp","href":"https:\/\/api.w.org\/{rel}","templated":true}]}}