{"id":165,"date":"2022-03-09T20:13:49","date_gmt":"2022-03-09T20:13:49","guid":{"rendered":"\/avance998\/?page_id=165"},"modified":"2025-02-11T11:42:39","modified_gmt":"2025-02-11T16:42:39","slug":"programs","status":"publish","type":"page","link":"https:\/\/avance-ntx.org\/es\/programs\/","title":{"rendered":"Programas"},"content":{"rendered":"<h2>\n\t\tProgramas\n\t<\/h2>\n\t<h1>Our Goal<\/h1>\n\t<p>Durante casi 30 a\u00f1os, AVANCE-North Texas ha caminado junto a ni\u00f1os y familias con el objetivo de garantizar un acceso equitativo a los recursos y oportunidades que necesitan para prosperar. Por esta raz\u00f3n, nuestro enfoque y programas \u00fanicos est\u00e1n dise\u00f1ados para empoderar y apoyar a cuidadores y ni\u00f1os en su camino.<\/p>\n\t\t\t\t<img loading=\"lazy\" decoding=\"async\" src=\"https:\/\/avance-ntx.org\/wp-content\/uploads\/2024\/07\/ddn-4x4-1.png\" alt=\"ddn-4x4\" itemprop=\"image\" height=\"600\" width=\"600\" title=\"ddn-4x4\" onerror=\"this.style.display='none'\"  \/>\n\t<h1>Programas<\/h1>\n\t<h2>Programa de Educaci\u00f3n para Padres e Hijos de Avance (PCEP)<\/h2>\n\t<p>The Parent-Child Education Program (PCEP) is AVANCE&#8217;s core foundational program. It teaches parents how to become their child&#8217;s first and most important teacher and how to transform their home into a classroom for lifelong learning.<\/p>\n\t\t\t<a href=\"\/es\/programs\/pcep\/\" target=\"_self\">\n\t\t\t\t\t\t\tLEER M\u00c1S\n\t\t\t<\/a>\n\t<h2>Familias Construyendo Comunidades (FBC)<\/h2>\n\t<p>El programa Familias Construyendo Comunidades (FBC) proporciona a los ni\u00f1os herramientas para crecer y empodera a los padres y cuidadores para ser l\u00edderes comunitarios y defensores a trav\u00e9s del desarrollo personal y entrenamiento de liderazgo.<\/p>\n\t\t\t<a href=\"\/es\/programs\/fbc\/\" target=\"_self\">\n\t\t\t\t\t\t\tLEER M\u00c1S\n\t\t\t<\/a>\n\t<h2>H.O.P.E.S.<\/h2>\n\t<p>El programa Resultados Saludables a trav\u00e9s de la Prevenci\u00f3n y el Apoyo Temprano H.O.P.E.S por sus siglas en Ingles. (Healthy Outcomes through Prevention &amp; Early Support) combina visitas individuales al hogar con apoyo personalizado para ayudar a las familias en el Condado de Dallas a crear el mejor entorno posible para que sus hijos crezcan y prosperen.<\/p>\n\t\t\t<a href=\"\/es\/programs\/hopes\/\" target=\"_self\">\n\t\t\t\t\t\t\tLEER M\u00c1S\n\t\t\t<\/a>","protected":false},"excerpt":{"rendered":"<p>Programs Our Goal For nearly 30 years, AVANCE-North Texas has walked alongside children and families with the goal of ensuring equitable access to the resources and opportunities they need to thrive. This is why our unique approach and programming are designed to empower and support caregivers and children on their journeys. Programs AVANCE Parent-Child Education &#8230; <a title=\"Programas\" class=\"read-more\" href=\"https:\/\/avance-ntx.org\/es\/programs\/\" aria-label=\"Leer m\u00e1s sobre Programs\">Leer m\u00e1s<\/a><\/p>","protected":false},"author":1,"featured_media":0,"parent":0,"menu_order":9,"comment_status":"closed","ping_status":"closed","template":"","meta":{"inline_featured_image":false,"_vp_format_video_url":"","_vp_image_focal_point":[],"footnotes":""},"class_list":["post-165","page","type-page","status-publish"],"yoast_head":"<!-- This site is optimized with the Yoast SEO plugin v27.3 - https:\/\/yoast.com\/product\/yoast-seo-wordpress\/ -->\n<title>Programs - AVANCE Dallas<\/title>\n<meta name=\"robots\" content=\"index, follow, max-snippet:-1, max-image-preview:large, max-video-preview:-1\" \/>\n<link rel=\"canonical\" href=\"https:\/\/avance-ntx.org\/es\/programs\/\" \/>\n<meta property=\"og:locale\" content=\"es_MX\" \/>\n<meta property=\"og:type\" content=\"article\" \/>\n<meta property=\"og:title\" content=\"Programs - AVANCE Dallas\" \/>\n<meta property=\"og:description\" content=\"Programs Our Goal For nearly 30 years, AVANCE-North Texas has walked alongside children and families with the goal of ensuring equitable access to the resources and opportunities they need to thrive. This is why our unique approach and programming are designed to empower and support caregivers and children on their journeys. Programs AVANCE Parent-Child Education ... Leer m\u00e1s\" \/>\n<meta property=\"og:url\" content=\"https:\/\/avance-ntx.org\/es\/programs\/\" \/>\n<meta property=\"og:site_name\" content=\"AVANCE Dallas\" \/>\n<meta property=\"article:publisher\" content=\"https:\/\/www.facebook.com\/AVANCEinc\/\" \/>\n<meta property=\"article:modified_time\" content=\"2025-02-11T16:42:39+00:00\" \/>\n<meta property=\"og:image\" content=\"https:\/\/avance-ntx.org\/wp-content\/uploads\/2024\/07\/ddn-4x4-1.png\" \/>\n<meta name=\"twitter:card\" content=\"summary_large_image\" \/>\n<meta name=\"twitter:site\" content=\"@AVANCEinc\" \/>\n<meta name=\"twitter:label1\" content=\"Tiempo de lectura\" \/>\n\t<meta name=\"twitter:data1\" content=\"1 minuto\" \/>\n<script type=\"application\/ld+json\" class=\"yoast-schema-graph\">{\"@context\":\"https:\\\/\\\/schema.org\",\"@graph\":[{\"@type\":\"WebPage\",\"@id\":\"https:\\\/\\\/avance-ntx.org\\\/programs\\\/\",\"url\":\"https:\\\/\\\/avance-ntx.org\\\/programs\\\/\",\"name\":\"Programs - AVANCE Dallas\",\"isPartOf\":{\"@id\":\"https:\\\/\\\/avance-ntx.org\\\/#website\"},\"primaryImageOfPage\":{\"@id\":\"https:\\\/\\\/avance-ntx.org\\\/programs\\\/#primaryimage\"},\"image\":{\"@id\":\"https:\\\/\\\/avance-ntx.org\\\/programs\\\/#primaryimage\"},\"thumbnailUrl\":\"https:\\\/\\\/avance-ntx.org\\\/wp-content\\\/uploads\\\/2024\\\/07\\\/ddn-4x4-1.png\",\"datePublished\":\"2022-03-09T20:13:49+00:00\",\"dateModified\":\"2025-02-11T16:42:39+00:00\",\"breadcrumb\":{\"@id\":\"https:\\\/\\\/avance-ntx.org\\\/programs\\\/#breadcrumb\"},\"inLanguage\":\"es\",\"potentialAction\":[{\"@type\":\"ReadAction\",\"target\":[\"https:\\\/\\\/avance-ntx.org\\\/programs\\\/\"]}]},{\"@type\":\"ImageObject\",\"inLanguage\":\"es\",\"@id\":\"https:\\\/\\\/avance-ntx.org\\\/programs\\\/#primaryimage\",\"url\":\"https:\\\/\\\/avance-ntx.org\\\/wp-content\\\/uploads\\\/2024\\\/07\\\/ddn-4x4-1.png\",\"contentUrl\":\"https:\\\/\\\/avance-ntx.org\\\/wp-content\\\/uploads\\\/2024\\\/07\\\/ddn-4x4-1.png\"},{\"@type\":\"BreadcrumbList\",\"@id\":\"https:\\\/\\\/avance-ntx.org\\\/programs\\\/#breadcrumb\",\"itemListElement\":[{\"@type\":\"ListItem\",\"position\":1,\"name\":\"Home\",\"item\":\"https:\\\/\\\/avance-ntx.org\\\/\"},{\"@type\":\"ListItem\",\"position\":2,\"name\":\"Programs\"}]},{\"@type\":\"WebSite\",\"@id\":\"https:\\\/\\\/avance-ntx.org\\\/#website\",\"url\":\"https:\\\/\\\/avance-ntx.org\\\/\",\"name\":\"AVANCE Dallas\",\"description\":\"Unlocking America&#039;s Potential\",\"publisher\":{\"@id\":\"https:\\\/\\\/avance-ntx.org\\\/#organization\"},\"potentialAction\":[{\"@type\":\"SearchAction\",\"target\":{\"@type\":\"EntryPoint\",\"urlTemplate\":\"https:\\\/\\\/avance-ntx.org\\\/?s={search_term_string}\"},\"query-input\":{\"@type\":\"PropertyValueSpecification\",\"valueRequired\":true,\"valueName\":\"search_term_string\"}}],\"inLanguage\":\"es\"},{\"@type\":\"Organization\",\"@id\":\"https:\\\/\\\/avance-ntx.org\\\/#organization\",\"name\":\"AVANCE Dallas\",\"url\":\"https:\\\/\\\/avance-ntx.org\\\/\",\"logo\":{\"@type\":\"ImageObject\",\"inLanguage\":\"es\",\"@id\":\"https:\\\/\\\/avance-ntx.org\\\/#\\\/schema\\\/logo\\\/image\\\/\",\"url\":\"https:\\\/\\\/avance-ntx.org\\\/wp-content\\\/uploads\\\/2025\\\/08\\\/30th-NTX-Color-Horizontal.svg\",\"contentUrl\":\"https:\\\/\\\/avance-ntx.org\\\/wp-content\\\/uploads\\\/2025\\\/08\\\/30th-NTX-Color-Horizontal.svg\",\"caption\":\"AVANCE Dallas\"},\"image\":{\"@id\":\"https:\\\/\\\/avance-ntx.org\\\/#\\\/schema\\\/logo\\\/image\\\/\"},\"sameAs\":[\"https:\\\/\\\/www.facebook.com\\\/AVANCEinc\\\/\",\"https:\\\/\\\/x.com\\\/AVANCEinc\",\"https:\\\/\\\/www.instagram.com\\\/avance__inc\\\/\",\"https:\\\/\\\/www.linkedin.com\\\/company\\\/avance-inc\"]}]}<\/script>\n<!-- \/ Yoast SEO plugin. -->","yoast_head_json":{"title":"Programs - AVANCE Dallas","robots":{"index":"index","follow":"follow","max-snippet":"max-snippet:-1","max-image-preview":"max-image-preview:large","max-video-preview":"max-video-preview:-1"},"canonical":"https:\/\/avance-ntx.org\/es\/programs\/","og_locale":"es_MX","og_type":"article","og_title":"Programs - AVANCE Dallas","og_description":"Programs Our Goal For nearly 30 years, AVANCE-North Texas has walked alongside children and families with the goal of ensuring equitable access to the resources and opportunities they need to thrive. This is why our unique approach and programming are designed to empower and support caregivers and children on their journeys. Programs AVANCE Parent-Child Education ... Leer m\u00e1s","og_url":"https:\/\/avance-ntx.org\/es\/programs\/","og_site_name":"AVANCE Dallas","article_publisher":"https:\/\/www.facebook.com\/AVANCEinc\/","article_modified_time":"2025-02-11T16:42:39+00:00","og_image":[{"url":"https:\/\/avance-ntx.org\/wp-content\/uploads\/2024\/07\/ddn-4x4-1.png","type":"","width":"","height":""}],"twitter_card":"summary_large_image","twitter_site":"@AVANCEinc","twitter_misc":{"Tiempo de lectura":"1 minuto"},"schema":{"@context":"https:\/\/schema.org","@graph":[{"@type":"WebPage","@id":"https:\/\/avance-ntx.org\/programs\/","url":"https:\/\/avance-ntx.org\/programs\/","name":"Programs - AVANCE Dallas","isPartOf":{"@id":"https:\/\/avance-ntx.org\/#website"},"primaryImageOfPage":{"@id":"https:\/\/avance-ntx.org\/programs\/#primaryimage"},"image":{"@id":"https:\/\/avance-ntx.org\/programs\/#primaryimage"},"thumbnailUrl":"https:\/\/avance-ntx.org\/wp-content\/uploads\/2024\/07\/ddn-4x4-1.png","datePublished":"2022-03-09T20:13:49+00:00","dateModified":"2025-02-11T16:42:39+00:00","breadcrumb":{"@id":"https:\/\/avance-ntx.org\/programs\/#breadcrumb"},"inLanguage":"es","potentialAction":[{"@type":"ReadAction","target":["https:\/\/avance-ntx.org\/programs\/"]}]},{"@type":"ImageObject","inLanguage":"es","@id":"https:\/\/avance-ntx.org\/programs\/#primaryimage","url":"https:\/\/avance-ntx.org\/wp-content\/uploads\/2024\/07\/ddn-4x4-1.png","contentUrl":"https:\/\/avance-ntx.org\/wp-content\/uploads\/2024\/07\/ddn-4x4-1.png"},{"@type":"BreadcrumbList","@id":"https:\/\/avance-ntx.org\/programs\/#breadcrumb","itemListElement":[{"@type":"ListItem","position":1,"name":"Home","item":"https:\/\/avance-ntx.org\/"},{"@type":"ListItem","position":2,"name":"Programs"}]},{"@type":"WebSite","@id":"https:\/\/avance-ntx.org\/#website","url":"https:\/\/avance-ntx.org\/","name":"AVANCE Dallas","description":"Unlocking America&#039;s Potential","publisher":{"@id":"https:\/\/avance-ntx.org\/#organization"},"potentialAction":[{"@type":"SearchAction","target":{"@type":"EntryPoint","urlTemplate":"https:\/\/avance-ntx.org\/?s={search_term_string}"},"query-input":{"@type":"PropertyValueSpecification","valueRequired":true,"valueName":"search_term_string"}}],"inLanguage":"es"},{"@type":"Organization","@id":"https:\/\/avance-ntx.org\/#organization","name":"AVANCE Dallas","url":"https:\/\/avance-ntx.org\/","logo":{"@type":"ImageObject","inLanguage":"es","@id":"https:\/\/avance-ntx.org\/#\/schema\/logo\/image\/","url":"https:\/\/avance-ntx.org\/wp-content\/uploads\/2025\/08\/30th-NTX-Color-Horizontal.svg","contentUrl":"https:\/\/avance-ntx.org\/wp-content\/uploads\/2025\/08\/30th-NTX-Color-Horizontal.svg","caption":"AVANCE Dallas"},"image":{"@id":"https:\/\/avance-ntx.org\/#\/schema\/logo\/image\/"},"sameAs":["https:\/\/www.facebook.com\/AVANCEinc\/","https:\/\/x.com\/AVANCEinc","https:\/\/www.instagram.com\/avance__inc\/","https:\/\/www.linkedin.com\/company\/avance-inc"]}]}},"post_mailing_queue_ids":[],"_links":{"self":[{"href":"https:\/\/avance-ntx.org\/es\/wp-json\/wp\/v2\/pages\/165","targetHints":{"allow":["GET"]}}],"collection":[{"href":"https:\/\/avance-ntx.org\/es\/wp-json\/wp\/v2\/pages"}],"about":[{"href":"https:\/\/avance-ntx.org\/es\/wp-json\/wp\/v2\/types\/page"}],"author":[{"embeddable":true,"href":"https:\/\/avance-ntx.org\/es\/wp-json\/wp\/v2\/users\/1"}],"replies":[{"embeddable":true,"href":"https:\/\/avance-ntx.org\/es\/wp-json\/wp\/v2\/comments?post=165"}],"version-history":[{"count":10,"href":"https:\/\/avance-ntx.org\/es\/wp-json\/wp\/v2\/pages\/165\/revisions"}],"predecessor-version":[{"id":6524,"href":"https:\/\/avance-ntx.org\/es\/wp-json\/wp\/v2\/pages\/165\/revisions\/6524"}],"wp:attachment":[{"href":"https:\/\/avance-ntx.org\/es\/wp-json\/wp\/v2\/media?parent=165"}],"curies":[{"name":"wp","href":"https:\/\/api.w.org\/{rel}","templated":true}]}}